{"id":443,"date":"2019-12-01T14:58:48","date_gmt":"2019-12-01T13:58:48","guid":{"rendered":"http:\/\/dev.hachandball.fr\/?page_id=443"},"modified":"2024-12-09T13:48:14","modified_gmt":"2024-12-09T12:48:14","slug":"mentions-legales","status":"publish","type":"page","link":"https:\/\/hachandball.fr\/index.php\/mentions-legales\/","title":{"rendered":"Mentions l\u00e9gales"},"content":{"rendered":"<p>\u00a0<\/p>\n<h1>MENTIONS LEGALES ET POLITIQUE DE CONFIDENTIALITE<\/h1>\n<h2 style=\"text-align: justify;\">Mentions l\u00e9gales<\/h2>\n<p style=\"text-align: justify;\">\u00c9diteur du site : Le Havre Athletic Club de Handball.<\/p>\n<p style=\"text-align: justify;\">Le Havre Athletic Club de Handball &#8211; Gymnase Multisport de la Gare, Rue Andr\u00e9 Siegfried, 76600 Le Havre<\/p>\n<h2 style=\"text-align: justify;\">Protection et traitement de donn\u00e9es \u00e0 caract\u00e8re personnel<\/h2>\n<p style=\"text-align: justify;\"><span style=\"font-weight: 400;\">Le site respecte la vie priv\u00e9e de l\u2019internaute\u00a0 et se conforme strictement aux lois en vigueur sur la protection de la vie priv\u00e9e et des libert\u00e9s individuelles. Aucune information personnelle n\u2019est collect\u00e9e \u00e0 votre insu. Aucune information personnelle n\u2019est c\u00e9d\u00e9e \u00e0 des tiers. Les courriels, les adresses \u00e9lectroniques ou autres informations nominatives dont ce site est destinataire ne font l\u2019objet d\u2019aucune exploitation et ne sont conserv\u00e9s que pour la dur\u00e9e n\u00e9cessaire \u00e0 leur traitement.<\/span><\/p>\n<p style=\"text-align: justify;\"><span style=\"font-weight: 400;\">Conform\u00e9ment aux disposition de la loi n\u00b078-17 du 6 janvier 1978 relative \u00e0 l\u2019informatique, aux fichiers et au libert\u00e9s, les internautes disposent d\u2019un droit d\u2019acc\u00e8s, de modification, de rectification et de suppression des donn\u00e9es qui les concernent. Ce droit s\u2019exerce par voie postale, en justifiant de son identit\u00e9, \u00e0 l\u2019adresse suivante :<\/span><\/p>\n<p style=\"text-align: justify;\"><span style=\"font-weight: 400;\">Le Havre Athletic Club de Handball &#8211; <\/span><span style=\"font-weight: 400;\">Gymnase Multisports de la Gare, Rue Andr\u00e9 Siegfried, 76600 Le Havre<\/span><\/p>\n<h2 style=\"text-align: justify;\"><span style=\"font-weight: 400;\">Droits d&rsquo;auteur<\/span><\/h2>\n<p style=\"text-align: justify;\"><span style=\"font-weight: 400;\">Toutes les informations contenues dans ce site rel\u00e8vent de la l\u00e9gislation fran\u00e7aise sur le droit d\u2019auteur et la propri\u00e9t\u00e9 intellectuelle, seuls les tribunaux du Havre, France, sont comp\u00e9tents en cas de litige. Le site est la propri\u00e9t\u00e9 du HAC Handball en sa totalit\u00e9, ainsi que l\u2019ensemble des droits y aff\u00e9rents. Tous les droits de reproduction sont r\u00e9serv\u00e9s y compris les documents et repr\u00e9sentations iconographiques et photographiques. Toute reproduction ou diffusion, int\u00e9grale ou partielle, est syst\u00e9matiquement soumise \u00e0 l\u2019autorisation des propri\u00e9taires.Vous ne devez porter atteinte au HAC Handball dans l\u2019utilisation du Framing (affichage du site dans une fen\u00eatre d\u2019un site tiers) ou de liens hypertextes sauf autorisation expresse du HAC Handball.<\/span><\/p>\n<h2 style=\"text-align: justify;\"><span style=\"font-weight: 400;\">D\u00e9n\u00e9gation<\/span><\/h2>\n<p style=\"text-align: justify;\"><span style=\"font-weight: 400;\">Le HAC Handball fournit ce site et son contenu \u00abtel quel\u00bb et ne donnent aucune garantie d\u2019aucune sorte \u00e0 l\u2019\u00e9gard de ce site ou de son contenu. Le HAC Handball d\u00e9nie toute garantie, y compris, mais pas seulement, garanties de marchandises et de convenance \u00e0 l\u2019usage. De plus, les informations contenues dans le serveur du HAC Handball ne sont pas contractuelles et le HAC Handball se r\u00e9serve \u00e0 tout moment et sans pr\u00e9avis le droit d\u2019apporter toute correction et\/ou changement, modification dans les informations diffus\u00e9es. Le HAC Handball d\u00e9cline toute responsabilit\u00e9 en cas d\u2019erreur, omission, inad\u00e9quation ou impropri\u00e9t\u00e9 \u00e0 un quelconque usage, y compris commercial de l\u2019information fournie \u00e0 travers ce site. Ni le HAC Handball, ni ses directeurs, employ\u00e9s, ou repr\u00e9sentants ne seront tenus responsables de dommages venant de, ou en rapport avec, l\u2019utilisation de ce site. Ceci est une limitation compr\u00e9hensive de responsabilit\u00e9s qui s\u2019applique \u00e0 tous les dommages de toutes sortes, y compris, mais pas seulement, compensatoires, directs, indirects ou cons\u00e9quents, pertes de donn\u00e9es, de revenus ou de b\u00e9n\u00e9fices, pertes ou dommages de propri\u00e9t\u00e9 et revendication de tiers.<\/span><\/p>\n<h2 style=\"text-align: justify;\"><span style=\"font-weight: 400;\">Conception, cr\u00e9ation graphique et \u00e9dition\u00a0<\/span><\/h2>\n<p style=\"text-align: justify;\"><b>HAC HANDBALL<\/b><\/p>\n<p style=\"text-align: justify;\"><span style=\"font-weight: 400;\">P\u00f4le Communication<\/span><\/p>\n<p style=\"text-align: justify;\"><span style=\"font-size: 14px;\">Email : <\/span><a style=\"font-size: 14px;\" href=\"mailto:hachand@orange.fr\">hachand@orange.fr<\/a><\/p>\n<p style=\"text-align: justify;\"><span style=\"font-weight: 400;\">T\u00e9l : 02 35 53 05 67<\/span><\/p>\n<p style=\"text-align: justify;\"><span style=\"font-weight: 400;\">Co-pr\u00e9sidents : Pascal LARDY &amp; Oumou NIANG-FOUQUET<\/span><\/p>\n<p style=\"text-align: justify;\"><b>LES COUSINES<\/b><\/p>\n<p style=\"text-align: justify;\"><span style=\"font-weight: 400;\">Agence de communication 360<\/span><\/p>\n<p style=\"text-align: justify;\"><a href=\"mailto:contact@agence-les-cousines.fr\">contact@agence-les-cousines.fr<\/a><\/p>\n<p style=\"text-align: justify;\"><a href=\"http:\/\/www.agence-les-cousines.fr\">www.agence-les-cousines.fr<\/a><\/p>\n<p style=\"text-align: justify;\">\u00a0<\/p>\n<p style=\"text-align: justify;\"><b>Cr\u00e9dits Photographiques<\/b><\/p>\n<p style=\"text-align: justify;\">Hac Handball<\/p>\n<p style=\"text-align: justify;\">G\u00e9d\u00e9 \u00ae , photographe<\/p>\n<p style=\"text-align: justify;\">EBsportS\u00a0\u00ae, photographe<\/p>\n<p style=\"text-align: justify;\">Denis Broyer \u00ae, photographe<\/p>\n<p style=\"text-align: justify;\">C\u00e9dric Vlemmings \u00ae, photographe<\/p>\n<p style=\"text-align: justify;\">Valeur Graphique, <a href=\"https:\/\/www.valeurgraphique.com\/\">https:\/\/www.valeurgraphique.com\/<\/a><\/p>\n<p style=\"text-align: justify;\"><b>H\u00e9bergement<\/b><\/p>\n<p style=\"text-align: justify;\"><span style=\"font-weight: 400;\">OVH<\/span><\/p>\n<p style=\"text-align: justify;\"><span style=\"font-weight: 400;\">SAS au capital de 10 059 500\u20ac<\/span><\/p>\n<p style=\"text-align: justify;\"><span style=\"font-weight: 400;\">RCS Lille M\u00e9tropole 424 761 419 00045<\/span><\/p>\n<p style=\"text-align: justify;\"><span style=\"font-weight: 400;\">Code APE 6200A<\/span><\/p>\n<p style=\"text-align: justify;\"><span style=\"font-weight: 400;\">N\u00b0 TVA : FR 22 424 761 419<\/span><\/p>\n<p style=\"text-align: justify;\"><span style=\"font-weight: 400;\">Si\u00e8ge social : 2 rue Kellermann &#8211; 59100 Roubaix &#8211; France<\/span><\/p>\n\n<!-- wp:themify-builder\/canvas \/-->","protected":false},"excerpt":{"rendered":"<p>\u00a0 MENTIONS LEGALES ET POLITIQUE DE CONFIDENTIALITE Mentions l\u00e9gales \u00c9diteur du site : Le Havre Athletic Club de Handball. Le Havre Athletic Club de Handball &#8211; Gymnase Multisport de la Gare, Rue Andr\u00e9 Siegfried, 76600 Le Havre Protection et traitement de donn\u00e9es \u00e0 caract\u00e8re personnel Le site respecte la vie priv\u00e9e de l\u2019internaute\u00a0 et se [&hellip;]<\/p>\n","protected":false},"author":1,"featured_media":0,"parent":0,"menu_order":0,"comment_status":"closed","ping_status":"closed","template":"","meta":{"iawp_total_views":59,"footnotes":""},"class_list":["post-443","page","type-page","status-publish","hentry","has-post-title","has-post-date","has-post-category","has-post-tag","has-post-comment","has-post-author",""],"yoast_head":"<!-- This site is optimized with the Yoast SEO plugin v27.5 - https:\/\/yoast.com\/product\/yoast-seo-wordpress\/ -->\n<title>Mentions l\u00e9gales - Hachandball<\/title>\n<meta name=\"robots\" content=\"index, follow, max-snippet:-1, max-image-preview:large, max-video-preview:-1\" \/>\n<link rel=\"canonical\" href=\"https:\/\/hachandball.fr\/index.php\/mentions-legales\/\" \/>\n<meta property=\"og:locale\" content=\"fr_FR\" \/>\n<meta property=\"og:type\" content=\"article\" \/>\n<meta property=\"og:title\" content=\"Mentions l\u00e9gales - Hachandball\" \/>\n<meta property=\"og:description\" content=\"\u00a0 MENTIONS LEGALES ET POLITIQUE DE CONFIDENTIALITE Mentions l\u00e9gales \u00c9diteur du site : Le Havre Athletic Club de Handball. Le Havre Athletic Club de Handball &#8211; Gymnase Multisport de la Gare, Rue Andr\u00e9 Siegfried, 76600 Le Havre Protection et traitement de donn\u00e9es \u00e0 caract\u00e8re personnel Le site respecte la vie priv\u00e9e de l\u2019internaute\u00a0 et se [&hellip;]\" \/>\n<meta property=\"og:url\" content=\"https:\/\/hachandball.fr\/index.php\/mentions-legales\/\" \/>\n<meta property=\"og:site_name\" content=\"Hachandball\" \/>\n<meta property=\"article:modified_time\" content=\"2024-12-09T12:48:14+00:00\" \/>\n<meta name=\"twitter:card\" content=\"summary_large_image\" \/>\n<meta name=\"twitter:label1\" content=\"Dur\u00e9e de lecture estim\u00e9e\" \/>\n\t<meta name=\"twitter:data1\" content=\"3 minutes\" \/>\n<script type=\"application\/ld+json\" class=\"yoast-schema-graph\">{\"@context\":\"https:\\\/\\\/schema.org\",\"@graph\":[{\"@type\":\"WebPage\",\"@id\":\"https:\\\/\\\/hachandball.fr\\\/index.php\\\/mentions-legales\\\/\",\"url\":\"https:\\\/\\\/hachandball.fr\\\/index.php\\\/mentions-legales\\\/\",\"name\":\"Mentions l\u00e9gales - Hachandball\",\"isPartOf\":{\"@id\":\"https:\\\/\\\/hachandball.fr\\\/#website\"},\"datePublished\":\"2019-12-01T13:58:48+00:00\",\"dateModified\":\"2024-12-09T12:48:14+00:00\",\"breadcrumb\":{\"@id\":\"https:\\\/\\\/hachandball.fr\\\/index.php\\\/mentions-legales\\\/#breadcrumb\"},\"inLanguage\":\"fr-FR\",\"potentialAction\":[{\"@type\":\"ReadAction\",\"target\":[\"https:\\\/\\\/hachandball.fr\\\/index.php\\\/mentions-legales\\\/\"]}]},{\"@type\":\"BreadcrumbList\",\"@id\":\"https:\\\/\\\/hachandball.fr\\\/index.php\\\/mentions-legales\\\/#breadcrumb\",\"itemListElement\":[{\"@type\":\"ListItem\",\"position\":1,\"name\":\"Accueil\",\"item\":\"https:\\\/\\\/hachandball.fr\\\/\"},{\"@type\":\"ListItem\",\"position\":2,\"name\":\"Mentions l\u00e9gales\"}]},{\"@type\":\"WebSite\",\"@id\":\"https:\\\/\\\/hachandball.fr\\\/#website\",\"url\":\"https:\\\/\\\/hachandball.fr\\\/\",\"name\":\"Hachandball\",\"description\":\"Bienvenu sur le site de Le Havre Athletic Club Handball, Club f\u00e9minin de handball.\",\"potentialAction\":[{\"@type\":\"SearchAction\",\"target\":{\"@type\":\"EntryPoint\",\"urlTemplate\":\"https:\\\/\\\/hachandball.fr\\\/?s={search_term_string}\"},\"query-input\":{\"@type\":\"PropertyValueSpecification\",\"valueRequired\":true,\"valueName\":\"search_term_string\"}}],\"inLanguage\":\"fr-FR\"}]}<\/script>\n<!-- \/ Yoast SEO plugin. -->","yoast_head_json":{"title":"Mentions l\u00e9gales - Hachandball","robots":{"index":"index","follow":"follow","max-snippet":"max-snippet:-1","max-image-preview":"max-image-preview:large","max-video-preview":"max-video-preview:-1"},"canonical":"https:\/\/hachandball.fr\/index.php\/mentions-legales\/","og_locale":"fr_FR","og_type":"article","og_title":"Mentions l\u00e9gales - Hachandball","og_description":"\u00a0 MENTIONS LEGALES ET POLITIQUE DE CONFIDENTIALITE Mentions l\u00e9gales \u00c9diteur du site : Le Havre Athletic Club de Handball. Le Havre Athletic Club de Handball &#8211; Gymnase Multisport de la Gare, Rue Andr\u00e9 Siegfried, 76600 Le Havre Protection et traitement de donn\u00e9es \u00e0 caract\u00e8re personnel Le site respecte la vie priv\u00e9e de l\u2019internaute\u00a0 et se [&hellip;]","og_url":"https:\/\/hachandball.fr\/index.php\/mentions-legales\/","og_site_name":"Hachandball","article_modified_time":"2024-12-09T12:48:14+00:00","twitter_card":"summary_large_image","twitter_misc":{"Dur\u00e9e de lecture estim\u00e9e":"3 minutes"},"schema":{"@context":"https:\/\/schema.org","@graph":[{"@type":"WebPage","@id":"https:\/\/hachandball.fr\/index.php\/mentions-legales\/","url":"https:\/\/hachandball.fr\/index.php\/mentions-legales\/","name":"Mentions l\u00e9gales - Hachandball","isPartOf":{"@id":"https:\/\/hachandball.fr\/#website"},"datePublished":"2019-12-01T13:58:48+00:00","dateModified":"2024-12-09T12:48:14+00:00","breadcrumb":{"@id":"https:\/\/hachandball.fr\/index.php\/mentions-legales\/#breadcrumb"},"inLanguage":"fr-FR","potentialAction":[{"@type":"ReadAction","target":["https:\/\/hachandball.fr\/index.php\/mentions-legales\/"]}]},{"@type":"BreadcrumbList","@id":"https:\/\/hachandball.fr\/index.php\/mentions-legales\/#breadcrumb","itemListElement":[{"@type":"ListItem","position":1,"name":"Accueil","item":"https:\/\/hachandball.fr\/"},{"@type":"ListItem","position":2,"name":"Mentions l\u00e9gales"}]},{"@type":"WebSite","@id":"https:\/\/hachandball.fr\/#website","url":"https:\/\/hachandball.fr\/","name":"Hachandball","description":"Bienvenu sur le site de Le Havre Athletic Club Handball, Club f\u00e9minin de handball.","potentialAction":[{"@type":"SearchAction","target":{"@type":"EntryPoint","urlTemplate":"https:\/\/hachandball.fr\/?s={search_term_string}"},"query-input":{"@type":"PropertyValueSpecification","valueRequired":true,"valueName":"search_term_string"}}],"inLanguage":"fr-FR"}]}},"builder_content":"","_links":{"self":[{"href":"https:\/\/hachandball.fr\/index.php\/wp-json\/wp\/v2\/pages\/443","targetHints":{"allow":["GET"]}}],"collection":[{"href":"https:\/\/hachandball.fr\/index.php\/wp-json\/wp\/v2\/pages"}],"about":[{"href":"https:\/\/hachandball.fr\/index.php\/wp-json\/wp\/v2\/types\/page"}],"author":[{"embeddable":true,"href":"https:\/\/hachandball.fr\/index.php\/wp-json\/wp\/v2\/users\/1"}],"replies":[{"embeddable":true,"href":"https:\/\/hachandball.fr\/index.php\/wp-json\/wp\/v2\/comments?post=443"}],"version-history":[{"count":11,"href":"https:\/\/hachandball.fr\/index.php\/wp-json\/wp\/v2\/pages\/443\/revisions"}],"predecessor-version":[{"id":4187,"href":"https:\/\/hachandball.fr\/index.php\/wp-json\/wp\/v2\/pages\/443\/revisions\/4187"}],"wp:attachment":[{"href":"https:\/\/hachandball.fr\/index.php\/wp-json\/wp\/v2\/media?parent=443"}],"curies":[{"name":"wp","href":"https:\/\/api.w.org\/{rel}","templated":true}]}}