{"id":4333,"date":"2024-12-10T14:56:49","date_gmt":"2024-12-10T13:56:49","guid":{"rendered":"https:\/\/hachandball.fr\/?page_id=4333"},"modified":"2024-12-27T09:45:15","modified_gmt":"2024-12-27T08:45:15","slug":"formations-jeunes","status":"publish","type":"page","link":"https:\/\/hachandball.fr\/index.php\/formations-jeunes\/","title":{"rendered":"Formations &amp; jeunes"},"content":{"rendered":"<!--themify_builder_content-->\n<div id=\"themify_builder_content-4333\" data-postid=\"4333\" class=\"themify_builder_content themify_builder_content-4333 themify_builder tf_clear\">\n                    <div  data-css_id=\"nav2127\" data-lazy=\"1\" class=\"module_row themify_builder_row fullwidth_row_container tb_nav2127 tb_first tf_w\">\n                        <div class=\"row_inner col_align_top tb_col_count_1 tf_box tf_rel\">\n                        <div  data-lazy=\"1\" class=\"module_column tb-column col-full tb_czz7127 first\">\n                            <div  data-lazy=\"1\" class=\"module_subrow themify_builder_sub_row tf_w col_align_middle gutter-none tb_col_count_2 tb_fsrn127\">\n                <div  data-lazy=\"1\" class=\"module_column sub_column tb_nsv6128 first\">\n                    <!-- module image -->\n<div  class=\"module module-image tb_wl7r128 image-center rounded drop-shadow  tf_mw\" data-lazy=\"1\" data-lax-translate-y=\"(vh*0.7) 0,(vh*0) -70\" data-lax=\"true\">\n        <div class=\"image-wrap tf_rel tf_mw\">\n            <a href=\"\/index.php\/equipe-n2f\">\n                   <img loading=\"lazy\" decoding=\"async\" src=\"https:\/\/hachandball.fr\/wp-content\/uploads\/2024\/12\/ball-1930198_1920-1024x683-600x400.jpg\" width=\"600\" height=\"400\" class=\"wp-post-image wp-image-4338\" title=\"Equipes HAC Handball\" alt=\"Equipes HAC Handball\" srcset=\"https:\/\/hachandball.fr\/wp-content\/uploads\/2024\/12\/ball-1930198_1920-1024x683-600x400.jpg 600w, https:\/\/hachandball.fr\/wp-content\/uploads\/2024\/12\/ball-1930198_1920-300x200.jpg 300w, https:\/\/hachandball.fr\/wp-content\/uploads\/2024\/12\/ball-1930198_1920-1024x683.jpg 1024w, https:\/\/hachandball.fr\/wp-content\/uploads\/2024\/12\/ball-1930198_1920-768x512.jpg 768w, https:\/\/hachandball.fr\/wp-content\/uploads\/2024\/12\/ball-1930198_1920-1536x1024.jpg 1536w, https:\/\/hachandball.fr\/wp-content\/uploads\/2024\/12\/ball-1930198_1920.jpg 1920w\" sizes=\"auto, (max-width: 600px) 100vw, 600px\" \/>        <\/a>\n    \n        <\/div>\n    <!-- \/image-wrap -->\n    \n        <\/div>\n<!-- \/module image -->        <\/div>\n                    <div  data-lazy=\"1\" class=\"module_column sub_column tb_8e1o128 last\">\n                    <!-- module text -->\n<div  class=\"module module-text tb_wmah128   \" data-lazy=\"1\">\n        <div  class=\"tb_text_wrap\">\n        <h3>L&rsquo;\u00e9quipe N2F<\/h3>\n<p>D\u00e9couvrez l&rsquo;effectif de la N2F<\/p>\n<p><a href=\"\/index.php\/equipe-n2f\" data-wplink-edit=\"true\"><button type=\"button\">Je d\u00e9couvre<\/button><\/a><\/p>    <\/div>\n<\/div>\n<!-- \/module text -->        <\/div>\n                    <\/div>\n                <div  data-lazy=\"1\" class=\"module_subrow themify_builder_sub_row tf_w col_align_middle gutter-none tb_col_count_2 tb_uqtc128\">\n                <div  data-lazy=\"1\" class=\"module_column sub_column tb_ya6h128 first\">\n                    <!-- module text -->\n<div  class=\"module module-text tb_of60128   \" data-lazy=\"1\">\n        <div  class=\"tb_text_wrap\">\n        <h3>Les entra\u00eenements<\/h3>\n<p>D\u00e9couvrez les horaires &amp; les lieux des diff\u00e9rents entra\u00eenements ainsi que les entra\u00eeneurs responsables de chaque cr\u00e9neau<\/p>\n<p><a href=\"https:\/\/hachandball.fr\/index.php\/equipes-entrainements\/\"><button type=\"button\">Je me renseigne<\/button><\/a><\/p>    <\/div>\n<\/div>\n<!-- \/module text -->        <\/div>\n                    <div  data-lazy=\"1\" class=\"module_column sub_column tb_ml8f128 last\">\n                    <!-- module image -->\n<div  class=\"module module-image tb_v9kj128 image-center rounded drop-shadow  tf_mw\" data-lazy=\"1\" data-lax-translate-y=\"(vh*0.7) 0,(vh*0) -70\" data-lax=\"true\">\n        <div class=\"image-wrap tf_rel tf_mw\">\n            <img loading=\"lazy\" decoding=\"async\" src=\"https:\/\/hachandball.fr\/wp-content\/uploads\/2024\/12\/handball-3113631_1920-1024x576-600x337.jpg\" width=\"600\" height=\"337\" class=\"wp-post-image wp-image-4337\" title=\"Entrainements HAC Handball\" alt=\"Entrainements HAC Handball\" srcset=\"https:\/\/hachandball.fr\/wp-content\/uploads\/2024\/12\/handball-3113631_1920-1024x576-600x337.jpg 600w, https:\/\/hachandball.fr\/wp-content\/uploads\/2024\/12\/handball-3113631_1920-300x169.jpg 300w, https:\/\/hachandball.fr\/wp-content\/uploads\/2024\/12\/handball-3113631_1920-1024x576.jpg 1024w, https:\/\/hachandball.fr\/wp-content\/uploads\/2024\/12\/handball-3113631_1920-768x432.jpg 768w, https:\/\/hachandball.fr\/wp-content\/uploads\/2024\/12\/handball-3113631_1920-1536x864.jpg 1536w, https:\/\/hachandball.fr\/wp-content\/uploads\/2024\/12\/handball-3113631_1920.jpg 1920w\" sizes=\"auto, (max-width: 600px) 100vw, 600px\" \/>    \n        <\/div>\n    <!-- \/image-wrap -->\n    \n        <\/div>\n<!-- \/module image -->        <\/div>\n                    <\/div>\n                <\/div>\n                        <\/div>\n        <\/div>\n        <\/div>\n<!--\/themify_builder_content-->","protected":false},"excerpt":{"rendered":"<p>L&rsquo;\u00e9quipe N2F D\u00e9couvrez l&rsquo;effectif de la N2F Je d\u00e9couvre<\/p>\n","protected":false},"author":2,"featured_media":0,"parent":0,"menu_order":0,"comment_status":"closed","ping_status":"closed","template":"","meta":{"iawp_total_views":938,"footnotes":""},"class_list":["post-4333","page","type-page","status-publish","hentry","has-post-title","has-post-date","has-post-category","has-post-tag","has-post-comment","has-post-author",""],"yoast_head":"<!-- This site is optimized with the Yoast SEO plugin v27.4 - https:\/\/yoast.com\/product\/yoast-seo-wordpress\/ -->\n<title>Formations &amp; jeunes - Hachandball<\/title>\n<meta name=\"description\" content=\"D\u00e9couvrez toutes les informations sur la formation du club du HAC Handball : horaires et entra\u00eenements, infos utiles...\" \/>\n<meta name=\"robots\" content=\"index, follow, max-snippet:-1, max-image-preview:large, max-video-preview:-1\" \/>\n<link rel=\"canonical\" href=\"https:\/\/hachandball.fr\/index.php\/formations-jeunes\/\" \/>\n<meta property=\"og:locale\" content=\"fr_FR\" \/>\n<meta property=\"og:type\" content=\"article\" \/>\n<meta property=\"og:title\" content=\"Formations &amp; jeunes - Hachandball\" \/>\n<meta property=\"og:description\" content=\"D\u00e9couvrez toutes les informations sur la formation du club du HAC Handball : horaires et entra\u00eenements, infos utiles...\" \/>\n<meta property=\"og:url\" content=\"https:\/\/hachandball.fr\/index.php\/formations-jeunes\/\" \/>\n<meta property=\"og:site_name\" content=\"Hachandball\" \/>\n<meta property=\"article:modified_time\" content=\"2024-12-27T08:45:15+00:00\" \/>\n<meta property=\"og:image\" content=\"https:\/\/hachandball.fr\/wp-content\/uploads\/2024\/12\/ball-1930198_1920-1024x683-600x400.jpg\" \/>\n<meta name=\"twitter:card\" content=\"summary_large_image\" \/>\n<meta name=\"twitter:label1\" content=\"Dur\u00e9e de lecture estim\u00e9e\" \/>\n\t<meta name=\"twitter:data1\" content=\"1 minute\" \/>\n<script type=\"application\/ld+json\" class=\"yoast-schema-graph\">{\"@context\":\"https:\\\/\\\/schema.org\",\"@graph\":[{\"@type\":\"WebPage\",\"@id\":\"https:\\\/\\\/hachandball.fr\\\/index.php\\\/formations-jeunes\\\/\",\"url\":\"https:\\\/\\\/hachandball.fr\\\/index.php\\\/formations-jeunes\\\/\",\"name\":\"Formations &amp; jeunes - Hachandball\",\"isPartOf\":{\"@id\":\"https:\\\/\\\/hachandball.fr\\\/#website\"},\"primaryImageOfPage\":{\"@id\":\"https:\\\/\\\/hachandball.fr\\\/index.php\\\/formations-jeunes\\\/#primaryimage\"},\"image\":{\"@id\":\"https:\\\/\\\/hachandball.fr\\\/index.php\\\/formations-jeunes\\\/#primaryimage\"},\"thumbnailUrl\":\"https:\\\/\\\/hachandball.fr\\\/wp-content\\\/uploads\\\/2024\\\/12\\\/ball-1930198_1920-1024x683-600x400.jpg\",\"datePublished\":\"2024-12-10T13:56:49+00:00\",\"dateModified\":\"2024-12-27T08:45:15+00:00\",\"description\":\"D\u00e9couvrez toutes les informations sur la formation du club du HAC Handball : horaires et entra\u00eenements, infos utiles...\",\"breadcrumb\":{\"@id\":\"https:\\\/\\\/hachandball.fr\\\/index.php\\\/formations-jeunes\\\/#breadcrumb\"},\"inLanguage\":\"fr-FR\",\"potentialAction\":[{\"@type\":\"ReadAction\",\"target\":[\"https:\\\/\\\/hachandball.fr\\\/index.php\\\/formations-jeunes\\\/\"]}]},{\"@type\":\"ImageObject\",\"inLanguage\":\"fr-FR\",\"@id\":\"https:\\\/\\\/hachandball.fr\\\/index.php\\\/formations-jeunes\\\/#primaryimage\",\"url\":\"https:\\\/\\\/hachandball.fr\\\/wp-content\\\/uploads\\\/2024\\\/12\\\/ball-1930198_1920-1024x683-600x400.jpg\",\"contentUrl\":\"https:\\\/\\\/hachandball.fr\\\/wp-content\\\/uploads\\\/2024\\\/12\\\/ball-1930198_1920-1024x683-600x400.jpg\"},{\"@type\":\"BreadcrumbList\",\"@id\":\"https:\\\/\\\/hachandball.fr\\\/index.php\\\/formations-jeunes\\\/#breadcrumb\",\"itemListElement\":[{\"@type\":\"ListItem\",\"position\":1,\"name\":\"Accueil\",\"item\":\"https:\\\/\\\/hachandball.fr\\\/\"},{\"@type\":\"ListItem\",\"position\":2,\"name\":\"Formations &amp; jeunes\"}]},{\"@type\":\"WebSite\",\"@id\":\"https:\\\/\\\/hachandball.fr\\\/#website\",\"url\":\"https:\\\/\\\/hachandball.fr\\\/\",\"name\":\"Hachandball\",\"description\":\"Bienvenu sur le site de Le Havre Athletic Club Handball, Club f\u00e9minin de handball.\",\"potentialAction\":[{\"@type\":\"SearchAction\",\"target\":{\"@type\":\"EntryPoint\",\"urlTemplate\":\"https:\\\/\\\/hachandball.fr\\\/?s={search_term_string}\"},\"query-input\":{\"@type\":\"PropertyValueSpecification\",\"valueRequired\":true,\"valueName\":\"search_term_string\"}}],\"inLanguage\":\"fr-FR\"}]}<\/script>\n<!-- \/ Yoast SEO plugin. -->","yoast_head_json":{"title":"Formations &amp; jeunes - Hachandball","description":"D\u00e9couvrez toutes les informations sur la formation du club du HAC Handball : horaires et entra\u00eenements, infos utiles...","robots":{"index":"index","follow":"follow","max-snippet":"max-snippet:-1","max-image-preview":"max-image-preview:large","max-video-preview":"max-video-preview:-1"},"canonical":"https:\/\/hachandball.fr\/index.php\/formations-jeunes\/","og_locale":"fr_FR","og_type":"article","og_title":"Formations &amp; jeunes - Hachandball","og_description":"D\u00e9couvrez toutes les informations sur la formation du club du HAC Handball : horaires et entra\u00eenements, infos utiles...","og_url":"https:\/\/hachandball.fr\/index.php\/formations-jeunes\/","og_site_name":"Hachandball","article_modified_time":"2024-12-27T08:45:15+00:00","og_image":[{"url":"https:\/\/hachandball.fr\/wp-content\/uploads\/2024\/12\/ball-1930198_1920-1024x683-600x400.jpg","type":"","width":"","height":""}],"twitter_card":"summary_large_image","twitter_misc":{"Dur\u00e9e de lecture estim\u00e9e":"1 minute"},"schema":{"@context":"https:\/\/schema.org","@graph":[{"@type":"WebPage","@id":"https:\/\/hachandball.fr\/index.php\/formations-jeunes\/","url":"https:\/\/hachandball.fr\/index.php\/formations-jeunes\/","name":"Formations &amp; jeunes - Hachandball","isPartOf":{"@id":"https:\/\/hachandball.fr\/#website"},"primaryImageOfPage":{"@id":"https:\/\/hachandball.fr\/index.php\/formations-jeunes\/#primaryimage"},"image":{"@id":"https:\/\/hachandball.fr\/index.php\/formations-jeunes\/#primaryimage"},"thumbnailUrl":"https:\/\/hachandball.fr\/wp-content\/uploads\/2024\/12\/ball-1930198_1920-1024x683-600x400.jpg","datePublished":"2024-12-10T13:56:49+00:00","dateModified":"2024-12-27T08:45:15+00:00","description":"D\u00e9couvrez toutes les informations sur la formation du club du HAC Handball : horaires et entra\u00eenements, infos utiles...","breadcrumb":{"@id":"https:\/\/hachandball.fr\/index.php\/formations-jeunes\/#breadcrumb"},"inLanguage":"fr-FR","potentialAction":[{"@type":"ReadAction","target":["https:\/\/hachandball.fr\/index.php\/formations-jeunes\/"]}]},{"@type":"ImageObject","inLanguage":"fr-FR","@id":"https:\/\/hachandball.fr\/index.php\/formations-jeunes\/#primaryimage","url":"https:\/\/hachandball.fr\/wp-content\/uploads\/2024\/12\/ball-1930198_1920-1024x683-600x400.jpg","contentUrl":"https:\/\/hachandball.fr\/wp-content\/uploads\/2024\/12\/ball-1930198_1920-1024x683-600x400.jpg"},{"@type":"BreadcrumbList","@id":"https:\/\/hachandball.fr\/index.php\/formations-jeunes\/#breadcrumb","itemListElement":[{"@type":"ListItem","position":1,"name":"Accueil","item":"https:\/\/hachandball.fr\/"},{"@type":"ListItem","position":2,"name":"Formations &amp; jeunes"}]},{"@type":"WebSite","@id":"https:\/\/hachandball.fr\/#website","url":"https:\/\/hachandball.fr\/","name":"Hachandball","description":"Bienvenu sur le site de Le Havre Athletic Club Handball, Club f\u00e9minin de handball.","potentialAction":[{"@type":"SearchAction","target":{"@type":"EntryPoint","urlTemplate":"https:\/\/hachandball.fr\/?s={search_term_string}"},"query-input":{"@type":"PropertyValueSpecification","valueRequired":true,"valueName":"search_term_string"}}],"inLanguage":"fr-FR"}]}},"builder_content":"<a href=\"\/index.php\/equipe-n2f\"> <img src=\"https:\/\/hachandball.fr\/wp-content\/uploads\/2024\/12\/ball-1930198_1920-1024x683-600x400.jpg\" width=\"600\" height=\"400\" title=\"Equipes HAC Handball\" alt=\"Equipes HAC Handball\" srcset=\"https:\/\/hachandball.fr\/wp-content\/uploads\/2024\/12\/ball-1930198_1920-1024x683-600x400.jpg 600w, https:\/\/hachandball.fr\/wp-content\/uploads\/2024\/12\/ball-1930198_1920-300x200.jpg 300w, https:\/\/hachandball.fr\/wp-content\/uploads\/2024\/12\/ball-1930198_1920-1024x683.jpg 1024w, https:\/\/hachandball.fr\/wp-content\/uploads\/2024\/12\/ball-1930198_1920-768x512.jpg 768w, https:\/\/hachandball.fr\/wp-content\/uploads\/2024\/12\/ball-1930198_1920-1536x1024.jpg 1536w, https:\/\/hachandball.fr\/wp-content\/uploads\/2024\/12\/ball-1930198_1920.jpg 1920w\" sizes=\"(max-width: 600px) 100vw, 600px\" \/> <\/a>\n<h3>L'\u00e9quipe N2F<\/h3> <p>D\u00e9couvrez l'effectif de la N2F<\/p> <p><a href=\"\/index.php\/equipe-n2f\" data-wplink-edit=\"true\"><button type=\"button\">Je d\u00e9couvre<\/button><\/a><\/p>\n<h3>Les entra\u00eenements<\/h3> <p>D\u00e9couvrez les horaires &amp; les lieux des diff\u00e9rents entra\u00eenements ainsi que les entra\u00eeneurs responsables de chaque cr\u00e9neau<\/p> <p><a href=\"https:\/\/hachandball.fr\/index.php\/equipes-entrainements\/\"><button type=\"button\">Je me renseigne<\/button><\/a><\/p>\n<img src=\"https:\/\/hachandball.fr\/wp-content\/uploads\/2024\/12\/handball-3113631_1920-1024x576-600x337.jpg\" width=\"600\" height=\"337\" title=\"Entrainements HAC Handball\" alt=\"Entrainements HAC Handball\" srcset=\"https:\/\/hachandball.fr\/wp-content\/uploads\/2024\/12\/handball-3113631_1920-1024x576-600x337.jpg 600w, https:\/\/hachandball.fr\/wp-content\/uploads\/2024\/12\/handball-3113631_1920-300x169.jpg 300w, https:\/\/hachandball.fr\/wp-content\/uploads\/2024\/12\/handball-3113631_1920-1024x576.jpg 1024w, https:\/\/hachandball.fr\/wp-content\/uploads\/2024\/12\/handball-3113631_1920-768x432.jpg 768w, https:\/\/hachandball.fr\/wp-content\/uploads\/2024\/12\/handball-3113631_1920-1536x864.jpg 1536w, https:\/\/hachandball.fr\/wp-content\/uploads\/2024\/12\/handball-3113631_1920.jpg 1920w\" sizes=\"(max-width: 600px) 100vw, 600px\" \/>","_links":{"self":[{"href":"https:\/\/hachandball.fr\/index.php\/wp-json\/wp\/v2\/pages\/4333","targetHints":{"allow":["GET"]}}],"collection":[{"href":"https:\/\/hachandball.fr\/index.php\/wp-json\/wp\/v2\/pages"}],"about":[{"href":"https:\/\/hachandball.fr\/index.php\/wp-json\/wp\/v2\/types\/page"}],"author":[{"embeddable":true,"href":"https:\/\/hachandball.fr\/index.php\/wp-json\/wp\/v2\/users\/2"}],"replies":[{"embeddable":true,"href":"https:\/\/hachandball.fr\/index.php\/wp-json\/wp\/v2\/comments?post=4333"}],"version-history":[{"count":18,"href":"https:\/\/hachandball.fr\/index.php\/wp-json\/wp\/v2\/pages\/4333\/revisions"}],"predecessor-version":[{"id":4456,"href":"https:\/\/hachandball.fr\/index.php\/wp-json\/wp\/v2\/pages\/4333\/revisions\/4456"}],"wp:attachment":[{"href":"https:\/\/hachandball.fr\/index.php\/wp-json\/wp\/v2\/media?parent=4333"}],"curies":[{"name":"wp","href":"https:\/\/api.w.org\/{rel}","templated":true}]}}