{"id":4323,"date":"2025-09-24T17:04:42","date_gmt":"2025-09-24T15:04:42","guid":{"rendered":"https:\/\/hachandball.fr\/?page_id=4323"},"modified":"2025-10-03T11:25:00","modified_gmt":"2025-10-03T09:25:00","slug":"organigramme","status":"publish","type":"page","link":"https:\/\/hachandball.fr\/index.php\/organigramme\/","title":{"rendered":"Organigramme"},"content":{"rendered":"<!--themify_builder_content-->\n<div id=\"themify_builder_content-4323\" data-postid=\"4323\" class=\"themify_builder_content themify_builder_content-4323 themify_builder tf_clear\">\n                    <div  data-lazy=\"1\" class=\"module_row themify_builder_row tb_pmzu758 tb_first tf_w\">\n                        <div class=\"row_inner col_align_top tb_col_count_1 tf_box tf_rel\">\n                        <div  data-lazy=\"1\" class=\"module_column tb-column col-full tb_qcf4758 first\">\n                    <!-- module text -->\n<div  class=\"module module-text tb_c0rq403   \" data-lazy=\"1\">\n        <div  class=\"tb_text_wrap\">\n        <h2><span style=\"text-decoration: underline;\"><span style=\"color: #001f60; text-decoration: underline;\">BUREAU DIRECTEUR<\/span><\/span><\/h2>\n<ul>\n<li>Oumou NIANG FOUQUET | Directrice<\/li>\n<li>Gianni BORRIS | Co-pr\u00e9sident<\/li>\n<li>Mathieu DOREZ | Co-pr\u00e9sident &amp; secr\u00e9ataire<\/li>\n<li>Gaiten PASQUIER | Tr\u00e9sorier<\/li>\n<\/ul>\n<h2><span style=\"text-decoration: underline;\"><span style=\"color: #001f60; text-decoration: underline;\">ADMINISTRATIF<\/span><\/span><\/h2>\n<ul>\n<li>J\u00e9r\u00f4me DUPONT | Agent de d\u00e9veloppement\u00a0<\/li>\n<\/ul>\n<h2><span style=\"text-decoration: underline;\"><span style=\"color: #001f60; text-decoration: underline;\">STAFF LBE<\/span><\/span><\/h2>\n<ul>\n<li>Tom GARNIER | Coach<\/li>\n<li>Alexis ROUSSEL | Coach Adjoint<\/li>\n<li>Th\u00e9o CHATENET | Pr\u00e9parateur Physique<\/li>\n<li>Ahmed DJAE | Pr\u00e9parateur Physique<\/li>\n<li>R\u00e9my PEUREUX | Kin\u00e9<\/li>\n<li>Vanessa BLAISIUS | M\u00e9decin<\/li>\n<li>St\u00e9phanie LOMBA-FARIA | Analyste Vid\u00e9o<\/li>\n<\/ul>\n<h2><span style=\"text-decoration: underline;\"><span style=\"color: #001f60; text-decoration: underline;\">FORMATION<\/span><\/span><\/h2>\n<ul>\n<li>Nordine OUCHA | Entra\u00eeneur N2F<\/li>\n<li>Gr\u00e9goire NIKONOFF | Responsable Pr\u00e9-formation<\/li>\n<li>Alexandre LEBIGOT | Educateur Sportif<\/li>\n<\/ul>\n<h2><span style=\"text-decoration: underline;\"><span style=\"color: #001f60; text-decoration: underline;\">CONSEIL D\u2019ADMINISTRATION<\/span><\/span><\/h2>\n<ul>\n<li>Julien PINEL<\/li>\n<li>Fran\u00e7oise LEBIGOT<\/li>\n<li>Jacques BRENNETOT<\/li>\n<li>Rapha\u00ebl LEMAUVE<\/li>\n<li>Pascal HAUCHECORNE<\/li>\n<li>Clo\u00e9 FRIBOULET<\/li>\n<li>Antoine FOUQUET<\/li>\n<li>Benjamin LEBIGOT<\/li>\n<li>Olivier TOUSSAINT<\/li>\n<li>R\u00e9mi GADEYNE<\/li>\n<li>Jean-Yves LAPLACE<\/li>\n<li>Marius CATELAIN<\/li>\n<\/ul>\n<h2><span style=\"text-decoration: underline;\"><span style=\"color: #001f60; text-decoration: underline;\">ENTRAINEURS<\/span><\/span><\/h2>\n<ul>\n<li>Alexandre LEBIGOT<\/li>\n<li>C\u00e9dric TRANCHARD<\/li>\n<li>Benjamin LEBIGOT<\/li>\n<li>Gr\u00e9goire NIKONOFF<\/li>\n<li>Nordine OUCHA<\/li>\n<li>Mamad DIALLO<\/li>\n<li>Hadja SAWANEH<\/li>\n<\/ul>    <\/div>\n<\/div>\n<!-- \/module text -->        <\/div>\n                        <\/div>\n        <\/div>\n        <\/div>\n<!--\/themify_builder_content-->","protected":false},"excerpt":{"rendered":"<p>BUREAU DIRECTEUR Oumou NIANG FOUQUET | Directrice Gianni BORRIS | Co-pr\u00e9sident Mathieu DOREZ | Co-pr\u00e9sident &amp; secr\u00e9ataire Gaiten PASQUIER | Tr\u00e9sorier ADMINISTRATIF J\u00e9r\u00f4me DUPONT | Agent de d\u00e9veloppement\u00a0 STAFF LBE Tom GARNIER | Coach Alexis ROUSSEL | Coach Adjoint Th\u00e9o CHATENET | Pr\u00e9parateur Physique Ahmed DJAE | Pr\u00e9parateur Physique R\u00e9my PEUREUX | Kin\u00e9 Vanessa BLAISIUS [&hellip;]<\/p>\n","protected":false},"author":2,"featured_media":0,"parent":0,"menu_order":0,"comment_status":"closed","ping_status":"closed","template":"","meta":{"iawp_total_views":626,"footnotes":""},"class_list":["post-4323","page","type-page","status-publish","hentry","has-post-title","has-post-date","has-post-category","has-post-tag","has-post-comment","has-post-author",""],"yoast_head":"<!-- This site is optimized with the Yoast SEO plugin v27.4 - https:\/\/yoast.com\/product\/yoast-seo-wordpress\/ -->\n<title>Organigramme - Hachandball<\/title>\n<meta name=\"robots\" content=\"index, follow, max-snippet:-1, max-image-preview:large, max-video-preview:-1\" \/>\n<link rel=\"canonical\" href=\"https:\/\/hachandball.fr\/index.php\/organigramme\/\" \/>\n<meta property=\"og:locale\" content=\"fr_FR\" \/>\n<meta property=\"og:type\" content=\"article\" \/>\n<meta property=\"og:title\" content=\"Organigramme - Hachandball\" \/>\n<meta property=\"og:description\" content=\"BUREAU DIRECTEUR Oumou NIANG FOUQUET | Directrice Gianni BORRIS | Co-pr\u00e9sident Mathieu DOREZ | Co-pr\u00e9sident &amp; secr\u00e9ataire Gaiten PASQUIER | Tr\u00e9sorier ADMINISTRATIF J\u00e9r\u00f4me DUPONT | Agent de d\u00e9veloppement\u00a0 STAFF LBE Tom GARNIER | Coach Alexis ROUSSEL | Coach Adjoint Th\u00e9o CHATENET | Pr\u00e9parateur Physique Ahmed DJAE | Pr\u00e9parateur Physique R\u00e9my PEUREUX | Kin\u00e9 Vanessa BLAISIUS [&hellip;]\" \/>\n<meta property=\"og:url\" content=\"https:\/\/hachandball.fr\/index.php\/organigramme\/\" \/>\n<meta property=\"og:site_name\" content=\"Hachandball\" \/>\n<meta property=\"article:modified_time\" content=\"2025-10-03T09:25:00+00:00\" \/>\n<meta name=\"twitter:card\" content=\"summary_large_image\" \/>\n<meta name=\"twitter:label1\" content=\"Dur\u00e9e de lecture estim\u00e9e\" \/>\n\t<meta name=\"twitter:data1\" content=\"1 minute\" \/>\n<script type=\"application\/ld+json\" class=\"yoast-schema-graph\">{\"@context\":\"https:\\\/\\\/schema.org\",\"@graph\":[{\"@type\":\"WebPage\",\"@id\":\"https:\\\/\\\/hachandball.fr\\\/index.php\\\/organigramme\\\/\",\"url\":\"https:\\\/\\\/hachandball.fr\\\/index.php\\\/organigramme\\\/\",\"name\":\"Organigramme - Hachandball\",\"isPartOf\":{\"@id\":\"https:\\\/\\\/hachandball.fr\\\/#website\"},\"datePublished\":\"2025-09-24T15:04:42+00:00\",\"dateModified\":\"2025-10-03T09:25:00+00:00\",\"breadcrumb\":{\"@id\":\"https:\\\/\\\/hachandball.fr\\\/index.php\\\/organigramme\\\/#breadcrumb\"},\"inLanguage\":\"fr-FR\",\"potentialAction\":[{\"@type\":\"ReadAction\",\"target\":[\"https:\\\/\\\/hachandball.fr\\\/index.php\\\/organigramme\\\/\"]}]},{\"@type\":\"BreadcrumbList\",\"@id\":\"https:\\\/\\\/hachandball.fr\\\/index.php\\\/organigramme\\\/#breadcrumb\",\"itemListElement\":[{\"@type\":\"ListItem\",\"position\":1,\"name\":\"Accueil\",\"item\":\"https:\\\/\\\/hachandball.fr\\\/\"},{\"@type\":\"ListItem\",\"position\":2,\"name\":\"Organigramme\"}]},{\"@type\":\"WebSite\",\"@id\":\"https:\\\/\\\/hachandball.fr\\\/#website\",\"url\":\"https:\\\/\\\/hachandball.fr\\\/\",\"name\":\"Hachandball\",\"description\":\"Bienvenu sur le site de Le Havre Athletic Club Handball, Club f\u00e9minin de handball.\",\"potentialAction\":[{\"@type\":\"SearchAction\",\"target\":{\"@type\":\"EntryPoint\",\"urlTemplate\":\"https:\\\/\\\/hachandball.fr\\\/?s={search_term_string}\"},\"query-input\":{\"@type\":\"PropertyValueSpecification\",\"valueRequired\":true,\"valueName\":\"search_term_string\"}}],\"inLanguage\":\"fr-FR\"}]}<\/script>\n<!-- \/ Yoast SEO plugin. -->","yoast_head_json":{"title":"Organigramme - Hachandball","robots":{"index":"index","follow":"follow","max-snippet":"max-snippet:-1","max-image-preview":"max-image-preview:large","max-video-preview":"max-video-preview:-1"},"canonical":"https:\/\/hachandball.fr\/index.php\/organigramme\/","og_locale":"fr_FR","og_type":"article","og_title":"Organigramme - Hachandball","og_description":"BUREAU DIRECTEUR Oumou NIANG FOUQUET | Directrice Gianni BORRIS | Co-pr\u00e9sident Mathieu DOREZ | Co-pr\u00e9sident &amp; secr\u00e9ataire Gaiten PASQUIER | Tr\u00e9sorier ADMINISTRATIF J\u00e9r\u00f4me DUPONT | Agent de d\u00e9veloppement\u00a0 STAFF LBE Tom GARNIER | Coach Alexis ROUSSEL | Coach Adjoint Th\u00e9o CHATENET | Pr\u00e9parateur Physique Ahmed DJAE | Pr\u00e9parateur Physique R\u00e9my PEUREUX | Kin\u00e9 Vanessa BLAISIUS [&hellip;]","og_url":"https:\/\/hachandball.fr\/index.php\/organigramme\/","og_site_name":"Hachandball","article_modified_time":"2025-10-03T09:25:00+00:00","twitter_card":"summary_large_image","twitter_misc":{"Dur\u00e9e de lecture estim\u00e9e":"1 minute"},"schema":{"@context":"https:\/\/schema.org","@graph":[{"@type":"WebPage","@id":"https:\/\/hachandball.fr\/index.php\/organigramme\/","url":"https:\/\/hachandball.fr\/index.php\/organigramme\/","name":"Organigramme - Hachandball","isPartOf":{"@id":"https:\/\/hachandball.fr\/#website"},"datePublished":"2025-09-24T15:04:42+00:00","dateModified":"2025-10-03T09:25:00+00:00","breadcrumb":{"@id":"https:\/\/hachandball.fr\/index.php\/organigramme\/#breadcrumb"},"inLanguage":"fr-FR","potentialAction":[{"@type":"ReadAction","target":["https:\/\/hachandball.fr\/index.php\/organigramme\/"]}]},{"@type":"BreadcrumbList","@id":"https:\/\/hachandball.fr\/index.php\/organigramme\/#breadcrumb","itemListElement":[{"@type":"ListItem","position":1,"name":"Accueil","item":"https:\/\/hachandball.fr\/"},{"@type":"ListItem","position":2,"name":"Organigramme"}]},{"@type":"WebSite","@id":"https:\/\/hachandball.fr\/#website","url":"https:\/\/hachandball.fr\/","name":"Hachandball","description":"Bienvenu sur le site de Le Havre Athletic Club Handball, Club f\u00e9minin de handball.","potentialAction":[{"@type":"SearchAction","target":{"@type":"EntryPoint","urlTemplate":"https:\/\/hachandball.fr\/?s={search_term_string}"},"query-input":{"@type":"PropertyValueSpecification","valueRequired":true,"valueName":"search_term_string"}}],"inLanguage":"fr-FR"}]}},"builder_content":"<h2>BUREAU DIRECTEUR<\/h2> <ul> <li>Oumou NIANG FOUQUET | Directrice<\/li> <li>Gianni BORRIS | Co-pr\u00e9sident<\/li> <li>Mathieu DOREZ | Co-pr\u00e9sident &amp; secr\u00e9ataire<\/li> <li>Gaiten PASQUIER | Tr\u00e9sorier<\/li> <\/ul> <h2>ADMINISTRATIF<\/h2> <ul> <li>J\u00e9r\u00f4me DUPONT | Agent de d\u00e9veloppement\u00a0<\/li> <\/ul> <h2>STAFF LBE<\/h2> <ul> <li>Tom GARNIER | Coach<\/li> <li>Alexis ROUSSEL | Coach Adjoint<\/li> <li>Th\u00e9o CHATENET | Pr\u00e9parateur Physique<\/li> <li>Ahmed DJAE | Pr\u00e9parateur Physique<\/li> <li>R\u00e9my PEUREUX | Kin\u00e9<\/li> <li>Vanessa BLAISIUS | M\u00e9decin<\/li> <li>St\u00e9phanie LOMBA-FARIA | Analyste Vid\u00e9o<\/li> <\/ul> <h2>FORMATION<\/h2> <ul> <li>Nordine OUCHA | Entra\u00eeneur N2F<\/li> <li>Gr\u00e9goire NIKONOFF | Responsable Pr\u00e9-formation<\/li> <li>Alexandre LEBIGOT | Educateur Sportif<\/li> <\/ul> <h2>CONSEIL D\u2019ADMINISTRATION<\/h2> <ul> <li>Julien PINEL<\/li> <li>Fran\u00e7oise LEBIGOT<\/li> <li>Jacques BRENNETOT<\/li> <li>Rapha\u00ebl LEMAUVE<\/li> <li>Pascal HAUCHECORNE<\/li> <li>Clo\u00e9 FRIBOULET<\/li> <li>Antoine FOUQUET<\/li> <li>Benjamin LEBIGOT<\/li> <li>Olivier TOUSSAINT<\/li> <li>R\u00e9mi GADEYNE<\/li> <li>Jean-Yves LAPLACE<\/li> <li>Marius CATELAIN<\/li> <\/ul> <h2>ENTRAINEURS<\/h2> <ul> <li>Alexandre LEBIGOT<\/li> <li>C\u00e9dric TRANCHARD<\/li> <li>Benjamin LEBIGOT<\/li> <li>Gr\u00e9goire NIKONOFF<\/li> <li>Nordine OUCHA<\/li> <li>Mamad DIALLO<\/li> <li>Hadja SAWANEH<\/li> <\/ul>","_links":{"self":[{"href":"https:\/\/hachandball.fr\/index.php\/wp-json\/wp\/v2\/pages\/4323","targetHints":{"allow":["GET"]}}],"collection":[{"href":"https:\/\/hachandball.fr\/index.php\/wp-json\/wp\/v2\/pages"}],"about":[{"href":"https:\/\/hachandball.fr\/index.php\/wp-json\/wp\/v2\/types\/page"}],"author":[{"embeddable":true,"href":"https:\/\/hachandball.fr\/index.php\/wp-json\/wp\/v2\/users\/2"}],"replies":[{"embeddable":true,"href":"https:\/\/hachandball.fr\/index.php\/wp-json\/wp\/v2\/comments?post=4323"}],"version-history":[{"count":13,"href":"https:\/\/hachandball.fr\/index.php\/wp-json\/wp\/v2\/pages\/4323\/revisions"}],"predecessor-version":[{"id":5175,"href":"https:\/\/hachandball.fr\/index.php\/wp-json\/wp\/v2\/pages\/4323\/revisions\/5175"}],"wp:attachment":[{"href":"https:\/\/hachandball.fr\/index.php\/wp-json\/wp\/v2\/media?parent=4323"}],"curies":[{"name":"wp","href":"https:\/\/api.w.org\/{rel}","templated":true}]}}