{"id":4263,"date":"2024-12-09T16:09:58","date_gmt":"2024-12-09T15:09:58","guid":{"rendered":"https:\/\/hachandball.fr\/?page_id=4263"},"modified":"2025-07-16T10:33:39","modified_gmt":"2025-07-16T08:33:39","slug":"actualites","status":"publish","type":"page","link":"https:\/\/hachandball.fr\/index.php\/actualites\/","title":{"rendered":"Actualit\u00e9s"},"content":{"rendered":"<!--themify_builder_content-->\n<div id=\"themify_builder_content-4263\" data-postid=\"4263\" class=\"themify_builder_content themify_builder_content-4263 themify_builder tf_clear\">\n                    <div  data-lazy=\"1\" class=\"module_row themify_builder_row tb_2246380 tb_first tf_w\">\n                        <div class=\"row_inner col_align_top tb_col_count_1 tf_box tf_rel\">\n                        <div  data-lazy=\"1\" class=\"module_column tb-column col-full tb_51ql380 first\">\n                    <!-- module fancy heading -->\n<div  class=\"module module-fancy-heading tb_r2m4277 \" data-lazy=\"1\">\n        <h1 class=\"fancy-heading\">\n    <span class=\"main-head tf_block\">\n                    D\u00e9couvrez les actualit\u00e9s du club            <\/span>\n\n    \n    <span class=\"sub-head tf_block tf_rel\">\n                    En nous suivant sur les r\u00e9seaux sociaux            <\/span>\n    <\/h1>\n<\/div>\n<!-- \/module fancy heading -->\n        <\/div>\n                        <\/div>\n        <\/div>\n                        <div  data-lazy=\"1\" class=\"module_row themify_builder_row tb_ozx7837 tf_w\">\n                        <div class=\"row_inner col_align_top tb_col_count_6 tf_box tf_rel\">\n                        <div  data-lazy=\"1\" class=\"module_column tb-column col6-1 tb_chj0837 first\">\n                    <!-- module icon -->\n<div  class=\"module module-icon tb_k6ax404  xlarge  icon_horizontal tf_textc\" data-lazy=\"1\">\n\t\t\t<div class=\"module-icon-item\">\n\t\t\t\t\t\t\t<a href=\"https:\/\/www.facebook.com\/hachandball\" rel=\"noopener\" target=\"_blank\">\n\t\t\t\t\t\t\t\t\t\t\t\t\t\t\t\t\t<em class=\"tf_box\"\n\t\t\t\t\t\t\t\t\t\t\t\t style=\"background-color:#001f60;color:#ffffff\"\t\t\t\t\t><svg  class=\"tf_fa tf-fab-facebook\" xmlns:xlink=\"http:\/\/www.w3.org\/1999\/xlink\" aria-hidden=\"true\"><use href=\"#tf-fab-facebook\" xlink:href=\"#tf-fab-facebook\"><\/use><\/svg><\/em>\n\t\t\t\t\t\t\t\t\t\t\t\t\t\t\t\t<\/a>\n\t\t\t\t\t<\/div>\n\t<\/div>\n<!-- \/module icon -->\n        <\/div>\n                    <div  data-lazy=\"1\" class=\"module_column tb-column col6-1 tb_v81n837\">\n                    <!-- module icon -->\n<div  class=\"module module-icon tb_x1bq388  xlarge  icon_horizontal tf_textc\" data-lazy=\"1\">\n\t\t\t<div class=\"module-icon-item\">\n\t\t\t\t\t\t\t<a href=\"https:\/\/www.instagram.com\/hachandballofficiel\/\" rel=\"noopener\" target=\"_blank\">\n\t\t\t\t\t\t\t\t\t\t\t\t\t\t\t\t\t<em class=\"tf_box\"\n\t\t\t\t\t\t\t\t\t\t\t\t style=\"background-color:#7ab2e1;color:#ffffff\"\t\t\t\t\t><svg  class=\"tf_fa tf-fab-instagram\" xmlns:xlink=\"http:\/\/www.w3.org\/1999\/xlink\" aria-hidden=\"true\"><use href=\"#tf-fab-instagram\" xlink:href=\"#tf-fab-instagram\"><\/use><\/svg><\/em>\n\t\t\t\t\t\t\t\t\t\t\t\t\t\t\t\t<\/a>\n\t\t\t\t\t<\/div>\n\t<\/div>\n<!-- \/module icon -->\n        <\/div>\n                    <div  data-lazy=\"1\" class=\"module_column tb-column col6-1 tb_xttg837\">\n                    <!-- module icon -->\n<div  class=\"module module-icon tb_ek93613  xlarge  icon_horizontal tf_textc\" data-lazy=\"1\">\n\t\t\t<div class=\"module-icon-item\">\n\t\t\t\t\t\t\t<a href=\"https:\/\/twitter.com\/HacHandball\" rel=\"noopener\" target=\"_blank\">\n\t\t\t\t\t\t\t\t\t\t\t\t\t\t\t\t\t<em class=\"tf_box\"\n\t\t\t\t\t\t\t\t\t\t\t\t style=\"background-color:#e01f93;color:#ffffff\"\t\t\t\t\t><svg  class=\"tf_fa tf-fab-x-twitter\" xmlns:xlink=\"http:\/\/www.w3.org\/1999\/xlink\" aria-hidden=\"true\"><use href=\"#tf-fab-x-twitter\" xlink:href=\"#tf-fab-x-twitter\"><\/use><\/svg><\/em>\n\t\t\t\t\t\t\t\t\t\t\t\t\t\t\t\t<\/a>\n\t\t\t\t\t<\/div>\n\t<\/div>\n<!-- \/module icon -->\n        <\/div>\n                    <div  data-lazy=\"1\" class=\"module_column tb-column col6-1 tb_f033837\">\n                    <!-- module icon -->\n<div  class=\"module module-icon tb_4ztw377  xlarge  icon_horizontal tf_textc\" data-lazy=\"1\">\n\t\t\t<div class=\"module-icon-item\">\n\t\t\t\t\t\t\t<a href=\"https:\/\/www.linkedin.com\/company\/hachandball\/\" rel=\"noopener\" target=\"_blank\">\n\t\t\t\t\t\t\t\t\t\t\t\t\t\t\t\t\t<em class=\"tf_box\"\n\t\t\t\t\t\t\t\t\t\t\t\t style=\"background-color:#001f60;color:#ffffff\"\t\t\t\t\t><svg  class=\"tf_fa tf-fab-linkedin\" xmlns:xlink=\"http:\/\/www.w3.org\/1999\/xlink\" aria-hidden=\"true\"><use href=\"#tf-fab-linkedin\" xlink:href=\"#tf-fab-linkedin\"><\/use><\/svg><\/em>\n\t\t\t\t\t\t\t\t\t\t\t\t\t\t\t\t<\/a>\n\t\t\t\t\t<\/div>\n\t<\/div>\n<!-- \/module icon -->\n        <\/div>\n                    <div  data-lazy=\"1\" class=\"module_column tb-column col6-1 tb_oe64452\">\n                    <!-- module icon -->\n<div  class=\"module module-icon tb_y9ct564  xlarge  icon_horizontal tf_textc\" data-lazy=\"1\">\n\t\t\t<div class=\"module-icon-item\">\n\t\t\t\t\t\t\t<a href=\"https:\/\/www.tiktok.com\/@hac_handball\" rel=\"noopener\" target=\"_blank\">\n\t\t\t\t\t\t\t\t\t\t\t\t\t\t\t\t\t<em class=\"tf_box\"\n\t\t\t\t\t\t\t\t\t\t\t\t style=\"background-color:#7ab2e1;color:#ffffff\"\t\t\t\t\t><svg  class=\"tf_fa tf-fab-tiktok\" xmlns:xlink=\"http:\/\/www.w3.org\/1999\/xlink\" aria-hidden=\"true\"><use href=\"#tf-fab-tiktok\" xlink:href=\"#tf-fab-tiktok\"><\/use><\/svg><\/em>\n\t\t\t\t\t\t\t\t\t\t\t\t\t\t\t\t<\/a>\n\t\t\t\t\t<\/div>\n\t<\/div>\n<!-- \/module icon -->\n<!-- module icon -->\n<div  class=\"module module-icon tb_1yth288  xlarge  icon_horizontal tf_textc\" data-lazy=\"1\">\n\t\t\t<div class=\"module-icon-item\">\n\t\t\t\t\t\t\t<a href=\"https:\/\/www.handballtv.fr\/\" rel=\"noopener\" target=\"_blank\">\n\t\t\t\t\t\t\t\t\t\t\t\t\t\t\t\t\t\t\t\t\t\t\t\t<\/a>\n\t\t\t\t\t<\/div>\n\t<\/div>\n<!-- \/module icon -->\n        <\/div>\n                    <div  data-lazy=\"1\" class=\"module_column tb-column col6-1 tb_8tv9453 last\">\n                    <!-- module icon -->\n<div  class=\"module module-icon tb_7a8h878  xlarge  icon_horizontal tf_textc\" data-lazy=\"1\">\n\t\t\t<div class=\"module-icon-item\">\n\t\t\t\t\t\t\t<a href=\"https:\/\/www.handballtv.fr\/\" rel=\"noopener\" target=\"_blank\">\n\t\t\t\t\t\t\t\t\t\t\t\t\t\t\t\t\t<em class=\"tf_box\"\n\t\t\t\t\t\t\t\t\t\t\t\t style=\"background-color:#e01f93;color:#ffffff\"\t\t\t\t\t><svg  class=\"tf_fa tf-fas-tv\" xmlns:xlink=\"http:\/\/www.w3.org\/1999\/xlink\" aria-hidden=\"true\"><use href=\"#tf-fas-tv\" xlink:href=\"#tf-fas-tv\"><\/use><\/svg><\/em>\n\t\t\t\t\t\t\t\t\t\t\t\t\t\t\t\t<\/a>\n\t\t\t\t\t<\/div>\n\t<\/div>\n<!-- \/module icon -->\n        <\/div>\n                        <\/div>\n        <\/div>\n        <\/div>\n<!--\/themify_builder_content-->","protected":false},"excerpt":{"rendered":"","protected":false},"author":2,"featured_media":0,"parent":0,"menu_order":0,"comment_status":"closed","ping_status":"closed","template":"","meta":{"iawp_total_views":420,"footnotes":""},"class_list":["post-4263","page","type-page","status-publish","hentry","has-post-title","has-post-date","has-post-category","has-post-tag","has-post-comment","has-post-author",""],"yoast_head":"<!-- This site is optimized with the Yoast SEO plugin v27.6 - https:\/\/yoast.com\/product\/yoast-seo-wordpress\/ -->\n<title>Actualit\u00e9s - Hachandball<\/title>\n<meta name=\"description\" content=\"D\u00e9couvrez les actualit\u00e9s du HAC Handball en nous suivant sur les r\u00e9seaux sociaux. Soyez tenus \u00e0 jour des r\u00e9sultats et prochains matchs !\" \/>\n<meta name=\"robots\" content=\"index, follow, max-snippet:-1, max-image-preview:large, max-video-preview:-1\" \/>\n<link rel=\"canonical\" href=\"https:\/\/hachandball.fr\/index.php\/actualites\/\" \/>\n<meta property=\"og:locale\" content=\"fr_FR\" \/>\n<meta property=\"og:type\" content=\"article\" \/>\n<meta property=\"og:title\" content=\"Actualit\u00e9s - Hachandball\" \/>\n<meta property=\"og:description\" content=\"D\u00e9couvrez les actualit\u00e9s du HAC Handball en nous suivant sur les r\u00e9seaux sociaux. Soyez tenus \u00e0 jour des r\u00e9sultats et prochains matchs !\" \/>\n<meta property=\"og:url\" content=\"https:\/\/hachandball.fr\/index.php\/actualites\/\" \/>\n<meta property=\"og:site_name\" content=\"Hachandball\" \/>\n<meta property=\"article:modified_time\" content=\"2025-07-16T08:33:39+00:00\" \/>\n<meta name=\"twitter:card\" content=\"summary_large_image\" \/>\n<meta name=\"twitter:label1\" content=\"Dur\u00e9e de lecture estim\u00e9e\" \/>\n\t<meta name=\"twitter:data1\" content=\"1 minute\" \/>\n<script type=\"application\/ld+json\" class=\"yoast-schema-graph\">{\"@context\":\"https:\\\/\\\/schema.org\",\"@graph\":[{\"@type\":\"WebPage\",\"@id\":\"https:\\\/\\\/hachandball.fr\\\/index.php\\\/actualites\\\/\",\"url\":\"https:\\\/\\\/hachandball.fr\\\/index.php\\\/actualites\\\/\",\"name\":\"Actualit\u00e9s - Hachandball\",\"isPartOf\":{\"@id\":\"https:\\\/\\\/hachandball.fr\\\/#website\"},\"datePublished\":\"2024-12-09T15:09:58+00:00\",\"dateModified\":\"2025-07-16T08:33:39+00:00\",\"description\":\"D\u00e9couvrez les actualit\u00e9s du HAC Handball en nous suivant sur les r\u00e9seaux sociaux. Soyez tenus \u00e0 jour des r\u00e9sultats et prochains matchs !\",\"breadcrumb\":{\"@id\":\"https:\\\/\\\/hachandball.fr\\\/index.php\\\/actualites\\\/#breadcrumb\"},\"inLanguage\":\"fr-FR\",\"potentialAction\":[{\"@type\":\"ReadAction\",\"target\":[\"https:\\\/\\\/hachandball.fr\\\/index.php\\\/actualites\\\/\"]}]},{\"@type\":\"BreadcrumbList\",\"@id\":\"https:\\\/\\\/hachandball.fr\\\/index.php\\\/actualites\\\/#breadcrumb\",\"itemListElement\":[{\"@type\":\"ListItem\",\"position\":1,\"name\":\"Accueil\",\"item\":\"https:\\\/\\\/hachandball.fr\\\/\"},{\"@type\":\"ListItem\",\"position\":2,\"name\":\"Actualit\u00e9s\"}]},{\"@type\":\"WebSite\",\"@id\":\"https:\\\/\\\/hachandball.fr\\\/#website\",\"url\":\"https:\\\/\\\/hachandball.fr\\\/\",\"name\":\"Hachandball\",\"description\":\"Bienvenu sur le site de Le Havre Athletic Club Handball, Club f\u00e9minin de handball.\",\"potentialAction\":[{\"@type\":\"SearchAction\",\"target\":{\"@type\":\"EntryPoint\",\"urlTemplate\":\"https:\\\/\\\/hachandball.fr\\\/?s={search_term_string}\"},\"query-input\":{\"@type\":\"PropertyValueSpecification\",\"valueRequired\":true,\"valueName\":\"search_term_string\"}}],\"inLanguage\":\"fr-FR\"}]}<\/script>\n<!-- \/ Yoast SEO plugin. -->","yoast_head_json":{"title":"Actualit\u00e9s - Hachandball","description":"D\u00e9couvrez les actualit\u00e9s du HAC Handball en nous suivant sur les r\u00e9seaux sociaux. Soyez tenus \u00e0 jour des r\u00e9sultats et prochains matchs !","robots":{"index":"index","follow":"follow","max-snippet":"max-snippet:-1","max-image-preview":"max-image-preview:large","max-video-preview":"max-video-preview:-1"},"canonical":"https:\/\/hachandball.fr\/index.php\/actualites\/","og_locale":"fr_FR","og_type":"article","og_title":"Actualit\u00e9s - Hachandball","og_description":"D\u00e9couvrez les actualit\u00e9s du HAC Handball en nous suivant sur les r\u00e9seaux sociaux. Soyez tenus \u00e0 jour des r\u00e9sultats et prochains matchs !","og_url":"https:\/\/hachandball.fr\/index.php\/actualites\/","og_site_name":"Hachandball","article_modified_time":"2025-07-16T08:33:39+00:00","twitter_card":"summary_large_image","twitter_misc":{"Dur\u00e9e de lecture estim\u00e9e":"1 minute"},"schema":{"@context":"https:\/\/schema.org","@graph":[{"@type":"WebPage","@id":"https:\/\/hachandball.fr\/index.php\/actualites\/","url":"https:\/\/hachandball.fr\/index.php\/actualites\/","name":"Actualit\u00e9s - Hachandball","isPartOf":{"@id":"https:\/\/hachandball.fr\/#website"},"datePublished":"2024-12-09T15:09:58+00:00","dateModified":"2025-07-16T08:33:39+00:00","description":"D\u00e9couvrez les actualit\u00e9s du HAC Handball en nous suivant sur les r\u00e9seaux sociaux. Soyez tenus \u00e0 jour des r\u00e9sultats et prochains matchs !","breadcrumb":{"@id":"https:\/\/hachandball.fr\/index.php\/actualites\/#breadcrumb"},"inLanguage":"fr-FR","potentialAction":[{"@type":"ReadAction","target":["https:\/\/hachandball.fr\/index.php\/actualites\/"]}]},{"@type":"BreadcrumbList","@id":"https:\/\/hachandball.fr\/index.php\/actualites\/#breadcrumb","itemListElement":[{"@type":"ListItem","position":1,"name":"Accueil","item":"https:\/\/hachandball.fr\/"},{"@type":"ListItem","position":2,"name":"Actualit\u00e9s"}]},{"@type":"WebSite","@id":"https:\/\/hachandball.fr\/#website","url":"https:\/\/hachandball.fr\/","name":"Hachandball","description":"Bienvenu sur le site de Le Havre Athletic Club Handball, Club f\u00e9minin de handball.","potentialAction":[{"@type":"SearchAction","target":{"@type":"EntryPoint","urlTemplate":"https:\/\/hachandball.fr\/?s={search_term_string}"},"query-input":{"@type":"PropertyValueSpecification","valueRequired":true,"valueName":"search_term_string"}}],"inLanguage":"fr-FR"}]}},"builder_content":"<h1>D\u00e9couvrez les actualit\u00e9s du club<br\/>En nous suivant sur les r\u00e9seaux sociaux<\/h1>\n<a href=\"https:\/\/www.facebook.com\/hachandball\" rel=\"noopener\" target=\"_blank\"> <em style=\"background-color:#001f60;color:#ffffff\" ><svg xmlns:xlink=\"http:\/\/www.w3.org\/1999\/xlink\" aria-hidden=\"true\"><use href=\"#tf-fab-facebook\" xlink:href=\"#tf-fab-facebook\"><\/use><\/svg><\/em> <\/a>\n<a href=\"https:\/\/www.instagram.com\/hachandballofficiel\/\" rel=\"noopener\" target=\"_blank\"> <em style=\"background-color:#7ab2e1;color:#ffffff\" ><svg xmlns:xlink=\"http:\/\/www.w3.org\/1999\/xlink\" aria-hidden=\"true\"><use href=\"#tf-fab-instagram\" xlink:href=\"#tf-fab-instagram\"><\/use><\/svg><\/em> <\/a>\n<a href=\"https:\/\/twitter.com\/HacHandball\" rel=\"noopener\" target=\"_blank\"> <em style=\"background-color:#e01f93;color:#ffffff\" ><svg xmlns:xlink=\"http:\/\/www.w3.org\/1999\/xlink\" aria-hidden=\"true\"><use href=\"#tf-fab-x-twitter\" xlink:href=\"#tf-fab-x-twitter\"><\/use><\/svg><\/em> <\/a>\n<a href=\"https:\/\/www.linkedin.com\/company\/hachandball\/\" rel=\"noopener\" target=\"_blank\"> <em style=\"background-color:#001f60;color:#ffffff\" ><svg xmlns:xlink=\"http:\/\/www.w3.org\/1999\/xlink\" aria-hidden=\"true\"><use href=\"#tf-fab-linkedin\" xlink:href=\"#tf-fab-linkedin\"><\/use><\/svg><\/em> <\/a>\n<a href=\"https:\/\/www.tiktok.com\/@hac_handball\" rel=\"noopener\" target=\"_blank\"> <em style=\"background-color:#7ab2e1;color:#ffffff\" ><svg xmlns:xlink=\"http:\/\/www.w3.org\/1999\/xlink\" aria-hidden=\"true\"><use href=\"#tf-fab-tiktok\" xlink:href=\"#tf-fab-tiktok\"><\/use><\/svg><\/em> <\/a>\n<a href=\"https:\/\/www.handballtv.fr\/\" rel=\"noopener\" target=\"_blank\"> <\/a>\n<a href=\"https:\/\/www.handballtv.fr\/\" rel=\"noopener\" target=\"_blank\"> <em style=\"background-color:#e01f93;color:#ffffff\" ><svg xmlns:xlink=\"http:\/\/www.w3.org\/1999\/xlink\" aria-hidden=\"true\"><use href=\"#tf-fas-tv\" xlink:href=\"#tf-fas-tv\"><\/use><\/svg><\/em> <\/a>","_links":{"self":[{"href":"https:\/\/hachandball.fr\/index.php\/wp-json\/wp\/v2\/pages\/4263","targetHints":{"allow":["GET"]}}],"collection":[{"href":"https:\/\/hachandball.fr\/index.php\/wp-json\/wp\/v2\/pages"}],"about":[{"href":"https:\/\/hachandball.fr\/index.php\/wp-json\/wp\/v2\/types\/page"}],"author":[{"embeddable":true,"href":"https:\/\/hachandball.fr\/index.php\/wp-json\/wp\/v2\/users\/2"}],"replies":[{"embeddable":true,"href":"https:\/\/hachandball.fr\/index.php\/wp-json\/wp\/v2\/comments?post=4263"}],"version-history":[{"count":19,"href":"https:\/\/hachandball.fr\/index.php\/wp-json\/wp\/v2\/pages\/4263\/revisions"}],"predecessor-version":[{"id":4798,"href":"https:\/\/hachandball.fr\/index.php\/wp-json\/wp\/v2\/pages\/4263\/revisions\/4798"}],"wp:attachment":[{"href":"https:\/\/hachandball.fr\/index.php\/wp-json\/wp\/v2\/media?parent=4263"}],"curies":[{"name":"wp","href":"https:\/\/api.w.org\/{rel}","templated":true}]}}