{"id":4227,"date":"2024-12-09T15:20:16","date_gmt":"2024-12-09T14:20:16","guid":{"rendered":"https:\/\/hachandball.fr\/?page_id=4227"},"modified":"2025-09-15T09:13:30","modified_gmt":"2025-09-15T07:13:30","slug":"contact","status":"publish","type":"page","link":"https:\/\/hachandball.fr\/index.php\/contact\/","title":{"rendered":"Contact"},"content":{"rendered":"<!--themify_builder_content-->\n<div id=\"themify_builder_content-4227\" data-postid=\"4227\" class=\"themify_builder_content themify_builder_content-4227 themify_builder tf_clear\">\n                    <div  data-lazy=\"1\" class=\"module_row themify_builder_row tb_2xqj633 tb_first tf_w\">\n                        <div class=\"row_inner col_align_top tb_col_count_2 tf_box tf_rel\">\n                        <div  data-lazy=\"1\" class=\"module_column tb-column col4-2 tb_w4g2633 first\">\n                    <!-- module text -->\n<div  class=\"module module-text tb_ar0d634   \" data-lazy=\"1\">\n        <div  class=\"tb_text_wrap\">\n        <h2>Nous contacter<\/h2>    <\/div>\n<\/div>\n<!-- \/module text --><!-- module text -->\n<div  class=\"module module-text tb_dhii635   \" data-lazy=\"1\">\n        <div  class=\"tb_text_wrap\">\n        <p>Besoin d&rsquo;informations ?<br>Que cela soit sur les entra\u00eenements, les matchs ou toute demande concernant le club. N&rsquo;h\u00e9sitez pas \u00e0 nous contacter<\/p>    <\/div>\n<\/div>\n<!-- \/module text -->        <div  data-lazy=\"1\" class=\"module_subrow themify_builder_sub_row tf_w col_align_top gutter-none tb_col_count_2 tb_gz4y635\">\n                <div  data-lazy=\"1\" class=\"module_column sub_column tb_4k2w635 first\">\n                    <!-- module text -->\n<div  class=\"module module-text tb_9erg635   \" data-lazy=\"1\">\n        <div  class=\"tb_text_wrap\">\n        <h4>Informations<\/h4>    <\/div>\n<\/div>\n<!-- \/module text --><!-- module divider -->\n<div  class=\"module tf_mw module-divider tb_m33l636 solid  divider-custom divider-left\" style=\"border-width: 1px;border-color: #d1d1d1;margin-top: 5px;margin-bottom: 13px;max-width: 50px;\" data-lazy=\"1\">\n    <\/div>\n<!-- \/module divider -->\n<!-- module icon -->\n<div  class=\"module module-icon tb_dj7a636    icon_vertical \" data-lazy=\"1\">\n\t\t\t<div class=\"module-icon-item\">\n\t\t\t\t\t\t\t<a href=\"tel:0235530567\">\n\t\t\t\t\t\t\t\t\t\t\t\t\t\t\t\t\t<em class=\"tf_box\"\n\t\t\t\t\t\t\t\t\t\t\t\t\t\t\t\t\t><svg  class=\"tf_fa tf-fas-phone\" xmlns:xlink=\"http:\/\/www.w3.org\/1999\/xlink\" aria-hidden=\"true\"><use href=\"#tf-fas-phone\" xlink:href=\"#tf-fas-phone\"><\/use><\/svg><\/em>\n\t\t\t\t\t\t\t\t\t\t\t\t\t\t\t\t\t\t\t<span>02.35.53.05.67<\/span>\n\t\t\t\t\t\t\t\t\t\t\t\t\t\t\t\t\t<\/a>\n\t\t\t\t\t<\/div>\n\t\t\t<div class=\"module-icon-item\">\n\t\t\t\t\t\t\t<a href=\"mailto:jerome.dupont@hac-handball.fr\">\n\t\t\t\t\t\t\t\t\t\t\t\t\t\t\t\t\t<em class=\"tf_box\"\n\t\t\t\t\t\t\t\t\t\t\t\t\t\t\t\t\t><svg  class=\"tf_fa tf-far-envelope\" xmlns:xlink=\"http:\/\/www.w3.org\/1999\/xlink\" aria-hidden=\"true\"><use href=\"#tf-far-envelope\" xlink:href=\"#tf-far-envelope\"><\/use><\/svg><\/em>\n\t\t\t\t\t\t\t\t\t\t\t\t\t\t\t\t\t\t\t<span>jerome.dupont@hac-handball.fr<\/span>\n\t\t\t\t\t\t\t\t\t\t\t\t\t\t\t\t\t<\/a>\n\t\t\t\t\t<\/div>\n\t<\/div>\n<!-- \/module icon -->\n        <\/div>\n                    <div  data-lazy=\"1\" class=\"module_column sub_column tb_0ysn636 last\">\n                    <!-- module text -->\n<div  class=\"module module-text tb_4x79636   \" data-lazy=\"1\">\n        <div  class=\"tb_text_wrap\">\n        <h4>Adresse<\/h4>    <\/div>\n<\/div>\n<!-- \/module text --><!-- module divider -->\n<div  class=\"module tf_mw module-divider tb_1mzx636 solid  divider-custom divider-left\" style=\"border-width: 1px;border-color: #d1d1d1;margin-top: 5px;margin-bottom: 13px;max-width: 50px;\" data-lazy=\"1\">\n    <\/div>\n<!-- \/module divider -->\n<!-- module text -->\n<div  class=\"module module-text tb_kpo1636   \" data-lazy=\"1\">\n        <div  class=\"tb_text_wrap\">\n        <p>Gymnase multisports de la Gare<br>Rue Andr\u00e9 Siegfried<br>76600 Le Havre<\/p>    <\/div>\n<\/div>\n<!-- \/module text -->        <\/div>\n                    <\/div>\n                <\/div>\n                    <div  data-lazy=\"1\" class=\"module_column tb-column col4-2 tb_5xou637 last\">\n                    <!-- module plain text -->\n<div  class=\"module module-plain-text tb_bx91188 \" data-lazy=\"1\">\n        <div class=\"tb_text_wrap\">\n    <iframe src=\"https:\/\/www.google.com\/maps\/embed?pb=!1m18!1m12!1m3!1d6147.933099808227!2d0.1278378!3d49.4949917!2m3!1f0!2f0!3f0!3m2!1i1024!2i768!4f13.1!3m3!1m2!1s0x47e02f065a141de1%3A0x390e80098536e455!2sGymnase%20multisports%20de%20la%20gare!5e1!3m2!1sfr!2sfr!4v1733753837099!5m2!1sfr!2sfr\" width=\"600\" height=\"450\" style=\"border:0;\" allowfullscreen=\"\" loading=\"lazy\" referrerpolicy=\"no-referrer-when-downgrade\"><\/iframe>    <\/div>\n<\/div>\n<!-- \/module plain text -->        <\/div>\n                        <\/div>\n        <\/div>\n        <\/div>\n<!--\/themify_builder_content-->","protected":false},"excerpt":{"rendered":"<p>Nous contacter<\/p>\n","protected":false},"author":2,"featured_media":0,"parent":0,"menu_order":0,"comment_status":"closed","ping_status":"closed","template":"","meta":{"iawp_total_views":1098,"footnotes":""},"class_list":["post-4227","page","type-page","status-publish","hentry","has-post-title","has-post-date","has-post-category","has-post-tag","has-post-comment","has-post-author",""],"yoast_head":"<!-- This site is optimized with the Yoast SEO plugin v27.4 - https:\/\/yoast.com\/product\/yoast-seo-wordpress\/ -->\n<title>Contactez le club du HAC Handball<\/title>\n<meta name=\"description\" content=\"Envie de nous poser une question sur les entrainements ? Besoin d&#039;informations sur le club ? N&#039;h\u00e9sitez pas \u00e0 nous contacter.\" \/>\n<meta name=\"robots\" content=\"index, follow, max-snippet:-1, max-image-preview:large, max-video-preview:-1\" \/>\n<link rel=\"canonical\" href=\"https:\/\/hachandball.fr\/index.php\/contact\/\" \/>\n<meta property=\"og:locale\" content=\"fr_FR\" \/>\n<meta property=\"og:type\" content=\"article\" \/>\n<meta property=\"og:title\" content=\"Contactez le club du HAC Handball\" \/>\n<meta property=\"og:description\" content=\"Envie de nous poser une question sur les entrainements ? Besoin d&#039;informations sur le club ? N&#039;h\u00e9sitez pas \u00e0 nous contacter.\" \/>\n<meta property=\"og:url\" content=\"https:\/\/hachandball.fr\/index.php\/contact\/\" \/>\n<meta property=\"og:site_name\" content=\"Hachandball\" \/>\n<meta property=\"article:modified_time\" content=\"2025-09-15T07:13:30+00:00\" \/>\n<meta name=\"twitter:card\" content=\"summary_large_image\" \/>\n<meta name=\"twitter:label1\" content=\"Dur\u00e9e de lecture estim\u00e9e\" \/>\n\t<meta name=\"twitter:data1\" content=\"1 minute\" \/>\n<script type=\"application\/ld+json\" class=\"yoast-schema-graph\">{\"@context\":\"https:\\\/\\\/schema.org\",\"@graph\":[{\"@type\":\"WebPage\",\"@id\":\"https:\\\/\\\/hachandball.fr\\\/index.php\\\/contact\\\/\",\"url\":\"https:\\\/\\\/hachandball.fr\\\/index.php\\\/contact\\\/\",\"name\":\"Contactez le club du HAC Handball\",\"isPartOf\":{\"@id\":\"https:\\\/\\\/hachandball.fr\\\/#website\"},\"datePublished\":\"2024-12-09T14:20:16+00:00\",\"dateModified\":\"2025-09-15T07:13:30+00:00\",\"description\":\"Envie de nous poser une question sur les entrainements ? Besoin d'informations sur le club ? N'h\u00e9sitez pas \u00e0 nous contacter.\",\"breadcrumb\":{\"@id\":\"https:\\\/\\\/hachandball.fr\\\/index.php\\\/contact\\\/#breadcrumb\"},\"inLanguage\":\"fr-FR\",\"potentialAction\":[{\"@type\":\"ReadAction\",\"target\":[\"https:\\\/\\\/hachandball.fr\\\/index.php\\\/contact\\\/\"]}]},{\"@type\":\"BreadcrumbList\",\"@id\":\"https:\\\/\\\/hachandball.fr\\\/index.php\\\/contact\\\/#breadcrumb\",\"itemListElement\":[{\"@type\":\"ListItem\",\"position\":1,\"name\":\"Accueil\",\"item\":\"https:\\\/\\\/hachandball.fr\\\/\"},{\"@type\":\"ListItem\",\"position\":2,\"name\":\"Contact\"}]},{\"@type\":\"WebSite\",\"@id\":\"https:\\\/\\\/hachandball.fr\\\/#website\",\"url\":\"https:\\\/\\\/hachandball.fr\\\/\",\"name\":\"Hachandball\",\"description\":\"Bienvenu sur le site de Le Havre Athletic Club Handball, Club f\u00e9minin de handball.\",\"potentialAction\":[{\"@type\":\"SearchAction\",\"target\":{\"@type\":\"EntryPoint\",\"urlTemplate\":\"https:\\\/\\\/hachandball.fr\\\/?s={search_term_string}\"},\"query-input\":{\"@type\":\"PropertyValueSpecification\",\"valueRequired\":true,\"valueName\":\"search_term_string\"}}],\"inLanguage\":\"fr-FR\"}]}<\/script>\n<!-- \/ Yoast SEO plugin. -->","yoast_head_json":{"title":"Contactez le club du HAC Handball","description":"Envie de nous poser une question sur les entrainements ? Besoin d'informations sur le club ? N'h\u00e9sitez pas \u00e0 nous contacter.","robots":{"index":"index","follow":"follow","max-snippet":"max-snippet:-1","max-image-preview":"max-image-preview:large","max-video-preview":"max-video-preview:-1"},"canonical":"https:\/\/hachandball.fr\/index.php\/contact\/","og_locale":"fr_FR","og_type":"article","og_title":"Contactez le club du HAC Handball","og_description":"Envie de nous poser une question sur les entrainements ? Besoin d'informations sur le club ? N'h\u00e9sitez pas \u00e0 nous contacter.","og_url":"https:\/\/hachandball.fr\/index.php\/contact\/","og_site_name":"Hachandball","article_modified_time":"2025-09-15T07:13:30+00:00","twitter_card":"summary_large_image","twitter_misc":{"Dur\u00e9e de lecture estim\u00e9e":"1 minute"},"schema":{"@context":"https:\/\/schema.org","@graph":[{"@type":"WebPage","@id":"https:\/\/hachandball.fr\/index.php\/contact\/","url":"https:\/\/hachandball.fr\/index.php\/contact\/","name":"Contactez le club du HAC Handball","isPartOf":{"@id":"https:\/\/hachandball.fr\/#website"},"datePublished":"2024-12-09T14:20:16+00:00","dateModified":"2025-09-15T07:13:30+00:00","description":"Envie de nous poser une question sur les entrainements ? Besoin d'informations sur le club ? N'h\u00e9sitez pas \u00e0 nous contacter.","breadcrumb":{"@id":"https:\/\/hachandball.fr\/index.php\/contact\/#breadcrumb"},"inLanguage":"fr-FR","potentialAction":[{"@type":"ReadAction","target":["https:\/\/hachandball.fr\/index.php\/contact\/"]}]},{"@type":"BreadcrumbList","@id":"https:\/\/hachandball.fr\/index.php\/contact\/#breadcrumb","itemListElement":[{"@type":"ListItem","position":1,"name":"Accueil","item":"https:\/\/hachandball.fr\/"},{"@type":"ListItem","position":2,"name":"Contact"}]},{"@type":"WebSite","@id":"https:\/\/hachandball.fr\/#website","url":"https:\/\/hachandball.fr\/","name":"Hachandball","description":"Bienvenu sur le site de Le Havre Athletic Club Handball, Club f\u00e9minin de handball.","potentialAction":[{"@type":"SearchAction","target":{"@type":"EntryPoint","urlTemplate":"https:\/\/hachandball.fr\/?s={search_term_string}"},"query-input":{"@type":"PropertyValueSpecification","valueRequired":true,"valueName":"search_term_string"}}],"inLanguage":"fr-FR"}]}},"builder_content":"<h2>Nous contacter<\/h2>\n<p>Besoin d'informations ?<br>Que cela soit sur les entra\u00eenements, les matchs ou toute demande concernant le club. N'h\u00e9sitez pas \u00e0 nous contacter<\/p>\n<h4>Informations<\/h4>\n\n<a href=\"tel:0235530567\"> <em ><svg xmlns:xlink=\"http:\/\/www.w3.org\/1999\/xlink\" aria-hidden=\"true\"><use href=\"#tf-fas-phone\" xlink:href=\"#tf-fas-phone\"><\/use><\/svg><\/em> 02.35.53.05.67 <\/a> <a href=\"mailto:jerome.dupont@hac-handball.fr\"> <em ><svg xmlns:xlink=\"http:\/\/www.w3.org\/1999\/xlink\" aria-hidden=\"true\"><use href=\"#tf-far-envelope\" xlink:href=\"#tf-far-envelope\"><\/use><\/svg><\/em> jerome.dupont@hac-handball.fr <\/a>\n<h4>Adresse<\/h4>\n\n<p>Gymnase multisports de la Gare<br>Rue Andr\u00e9 Siegfried<br>76600 Le Havre<\/p>\n<iframe src=\"https:\/\/www.google.com\/maps\/embed?pb=!1m18!1m12!1m3!1d6147.933099808227!2d0.1278378!3d49.4949917!2m3!1f0!2f0!3f0!3m2!1i1024!2i768!4f13.1!3m3!1m2!1s0x47e02f065a141de1%3A0x390e80098536e455!2sGymnase%20multisports%20de%20la%20gare!5e1!3m2!1sfr!2sfr!4v1733753837099!5m2!1sfr!2sfr\" width=\"600\" height=\"450\" style=\"border:0;\" allowfullscreen=\"\" loading=\"lazy\" referrerpolicy=\"no-referrer-when-downgrade\"><\/iframe>","_links":{"self":[{"href":"https:\/\/hachandball.fr\/index.php\/wp-json\/wp\/v2\/pages\/4227","targetHints":{"allow":["GET"]}}],"collection":[{"href":"https:\/\/hachandball.fr\/index.php\/wp-json\/wp\/v2\/pages"}],"about":[{"href":"https:\/\/hachandball.fr\/index.php\/wp-json\/wp\/v2\/types\/page"}],"author":[{"embeddable":true,"href":"https:\/\/hachandball.fr\/index.php\/wp-json\/wp\/v2\/users\/2"}],"replies":[{"embeddable":true,"href":"https:\/\/hachandball.fr\/index.php\/wp-json\/wp\/v2\/comments?post=4227"}],"version-history":[{"count":15,"href":"https:\/\/hachandball.fr\/index.php\/wp-json\/wp\/v2\/pages\/4227\/revisions"}],"predecessor-version":[{"id":5069,"href":"https:\/\/hachandball.fr\/index.php\/wp-json\/wp\/v2\/pages\/4227\/revisions\/5069"}],"wp:attachment":[{"href":"https:\/\/hachandball.fr\/index.php\/wp-json\/wp\/v2\/media?parent=4227"}],"curies":[{"name":"wp","href":"https:\/\/api.w.org\/{rel}","templated":true}]}}