{"id":4044,"date":"2024-12-09T11:06:57","date_gmt":"2024-12-09T10:06:57","guid":{"rendered":"https:\/\/hachandball.fr\/?page_id=4044"},"modified":"2024-12-27T09:39:40","modified_gmt":"2024-12-27T08:39:40","slug":"devenir-partenaire","status":"publish","type":"page","link":"https:\/\/hachandball.fr\/index.php\/devenir-partenaire\/","title":{"rendered":"Devenir partenaire"},"content":{"rendered":"<!--themify_builder_content-->\n<div id=\"themify_builder_content-4044\" data-postid=\"4044\" class=\"themify_builder_content themify_builder_content-4044 themify_builder tf_clear\">\n                    <div  data-lazy=\"1\" class=\"module_row themify_builder_row tb_6x9r896 tb_first tf_w\">\n                        <div class=\"row_inner col_align_top tb_col_count_1 tf_box tf_rel\">\n                        <div  data-lazy=\"1\" class=\"module_column tb-column col-full tb_lloq896 first\">\n                    <!-- module text -->\n<div  class=\"module module-text tb_ftkw85   \" data-lazy=\"1\">\n        <div  class=\"tb_text_wrap\">\n        <h1 style=\"text-align: center;\">Et si vous deveniez partenaire du HAC Handball ?<\/h1>    <\/div>\n<\/div>\n<!-- \/module text -->        <\/div>\n                        <\/div>\n        <\/div>\n                        <div  data-css_id=\"a8ny847\" data-lazy=\"1\" class=\"module_row themify_builder_row fullwidth tb_a8ny847 tf_w\">\n                        <div class=\"row_inner col_align_middle tb_col_count_2 tf_box tf_rel\">\n                        <div  data-lazy=\"1\" class=\"module_column tb-column col4-2 tb_huet847 first\">\n                    <!-- module text -->\n<div  class=\"module module-text tb_bhgf660   \" data-lazy=\"1\">\n        <div  class=\"tb_text_wrap\">\n        <p>Plus de <span style=\"color: #e01f93; font-size: 24pt;\"><strong>80<\/strong><\/span> partenaires nous font confiance !<\/p>\n<p>Pourquoi pas vous ?<\/p>    <\/div>\n<\/div>\n<!-- \/module text --><!-- module text -->\n<div  class=\"module module-text tb_y9nc542   \" data-lazy=\"1\">\n        <div  class=\"tb_text_wrap\">\n        <p><span style=\"color: #e01f93;\"><strong>Contactez-nous tr\u00e8s vite !<br>_____________<br><\/strong><\/span><\/p>\n<p>Sarah LAASRI | Directrice commerciale<br><br>NewrEvents<br><br><a href=\"tel:0612901242\">06 12 90 12 42<\/a><br><br><a href=\"mailto:sarahlaasri@newrevents.com\">sarahlaasri@newrevents.com<\/a><\/p>    <\/div>\n<\/div>\n<!-- \/module text -->        <\/div>\n                    <div  data-lazy=\"1\" class=\"module_column tb-column col4-2 tb_1ptd96 last\">\n                    <!-- module image -->\n<div  class=\"module module-image tb_1sdl259 image-top rounded drop-shadow  tf_mw\" data-lazy=\"1\">\n        <div class=\"image-wrap tf_rel tf_mw\">\n            <a href=\"https:\/\/hachandball.fr\/wp-content\/uploads\/2024\/12\/Design-sans-titre12.png\" rel=\"noopener\" target=\"_blank\">\n                   <img loading=\"lazy\" decoding=\"async\" width=\"4419\" height=\"6250\" src=\"https:\/\/hachandball.fr\/wp-content\/uploads\/2024\/12\/Design-sans-titre12.png\" class=\"wp-post-image wp-image-4047\" title=\"Devenez partenaire HAC\" alt=\"Devenez partenaire HAC\" srcset=\"https:\/\/hachandball.fr\/wp-content\/uploads\/2024\/12\/Design-sans-titre12.png 4419w, https:\/\/hachandball.fr\/wp-content\/uploads\/2024\/12\/Design-sans-titre12-212x300.png 212w, https:\/\/hachandball.fr\/wp-content\/uploads\/2024\/12\/Design-sans-titre12-724x1024.png 724w, https:\/\/hachandball.fr\/wp-content\/uploads\/2024\/12\/Design-sans-titre12-768x1086.png 768w, https:\/\/hachandball.fr\/wp-content\/uploads\/2024\/12\/Design-sans-titre12-1086x1536.png 1086w, https:\/\/hachandball.fr\/wp-content\/uploads\/2024\/12\/Design-sans-titre12-1448x2048.png 1448w, https:\/\/hachandball.fr\/wp-content\/uploads\/2024\/12\/Design-sans-titre12-1080x1527.png 1080w, https:\/\/hachandball.fr\/wp-content\/uploads\/2024\/12\/Design-sans-titre12-1280x1810.png 1280w, https:\/\/hachandball.fr\/wp-content\/uploads\/2024\/12\/Design-sans-titre12-980x1386.png 980w, https:\/\/hachandball.fr\/wp-content\/uploads\/2024\/12\/Design-sans-titre12-480x679.png 480w\" sizes=\"auto, (max-width: 4419px) 100vw, 4419px\" \/>        <\/a>\n    \n        <\/div>\n    <!-- \/image-wrap -->\n    \n        <\/div>\n<!-- \/module image -->        <\/div>\n                        <\/div>\n        <\/div>\n        <\/div>\n<!--\/themify_builder_content-->","protected":false},"excerpt":{"rendered":"<p>Et si vous deveniez partenaire du HAC Handball ?<\/p>\n","protected":false},"author":2,"featured_media":0,"parent":0,"menu_order":0,"comment_status":"closed","ping_status":"closed","template":"","meta":{"iawp_total_views":140,"footnotes":""},"class_list":["post-4044","page","type-page","status-publish","hentry","has-post-title","has-post-date","has-post-category","has-post-tag","has-post-comment","has-post-author",""],"yoast_head":"<!-- This site is optimized with the Yoast SEO plugin v27.4 - https:\/\/yoast.com\/product\/yoast-seo-wordpress\/ -->\n<title>Devenir partenaire du HAC Handball<\/title>\n<meta name=\"description\" content=\"Rejoignez notre r\u00e9seau de partenaires ! D\u00e9couvrez-en plus sur ceux qui nous soutiennent et comment travailler ensemble pour plus de visibilit\u00e9\" \/>\n<meta name=\"robots\" content=\"index, follow, max-snippet:-1, max-image-preview:large, max-video-preview:-1\" \/>\n<link rel=\"canonical\" href=\"https:\/\/hachandball.fr\/index.php\/devenir-partenaire\/\" \/>\n<meta property=\"og:locale\" content=\"fr_FR\" \/>\n<meta property=\"og:type\" content=\"article\" \/>\n<meta property=\"og:title\" content=\"Devenir partenaire du HAC Handball\" \/>\n<meta property=\"og:description\" content=\"Rejoignez notre r\u00e9seau de partenaires ! D\u00e9couvrez-en plus sur ceux qui nous soutiennent et comment travailler ensemble pour plus de visibilit\u00e9\" \/>\n<meta property=\"og:url\" content=\"https:\/\/hachandball.fr\/index.php\/devenir-partenaire\/\" \/>\n<meta property=\"og:site_name\" content=\"Hachandball\" \/>\n<meta property=\"article:modified_time\" content=\"2024-12-27T08:39:40+00:00\" \/>\n<meta property=\"og:image\" content=\"https:\/\/hachandball.fr\/wp-content\/uploads\/2024\/12\/Design-sans-titre12.png\" \/>\n<meta name=\"twitter:card\" content=\"summary_large_image\" \/>\n<meta name=\"twitter:label1\" content=\"Dur\u00e9e de lecture estim\u00e9e\" \/>\n\t<meta name=\"twitter:data1\" content=\"1 minute\" \/>\n<script type=\"application\/ld+json\" class=\"yoast-schema-graph\">{\"@context\":\"https:\\\/\\\/schema.org\",\"@graph\":[{\"@type\":\"WebPage\",\"@id\":\"https:\\\/\\\/hachandball.fr\\\/index.php\\\/devenir-partenaire\\\/\",\"url\":\"https:\\\/\\\/hachandball.fr\\\/index.php\\\/devenir-partenaire\\\/\",\"name\":\"Devenir partenaire du HAC Handball\",\"isPartOf\":{\"@id\":\"https:\\\/\\\/hachandball.fr\\\/#website\"},\"primaryImageOfPage\":{\"@id\":\"https:\\\/\\\/hachandball.fr\\\/index.php\\\/devenir-partenaire\\\/#primaryimage\"},\"image\":{\"@id\":\"https:\\\/\\\/hachandball.fr\\\/index.php\\\/devenir-partenaire\\\/#primaryimage\"},\"thumbnailUrl\":\"https:\\\/\\\/hachandball.fr\\\/wp-content\\\/uploads\\\/2024\\\/12\\\/Design-sans-titre12.png\",\"datePublished\":\"2024-12-09T10:06:57+00:00\",\"dateModified\":\"2024-12-27T08:39:40+00:00\",\"description\":\"Rejoignez notre r\u00e9seau de partenaires ! D\u00e9couvrez-en plus sur ceux qui nous soutiennent et comment travailler ensemble pour plus de visibilit\u00e9\",\"breadcrumb\":{\"@id\":\"https:\\\/\\\/hachandball.fr\\\/index.php\\\/devenir-partenaire\\\/#breadcrumb\"},\"inLanguage\":\"fr-FR\",\"potentialAction\":[{\"@type\":\"ReadAction\",\"target\":[\"https:\\\/\\\/hachandball.fr\\\/index.php\\\/devenir-partenaire\\\/\"]}]},{\"@type\":\"ImageObject\",\"inLanguage\":\"fr-FR\",\"@id\":\"https:\\\/\\\/hachandball.fr\\\/index.php\\\/devenir-partenaire\\\/#primaryimage\",\"url\":\"https:\\\/\\\/hachandball.fr\\\/wp-content\\\/uploads\\\/2024\\\/12\\\/Design-sans-titre12.png\",\"contentUrl\":\"https:\\\/\\\/hachandball.fr\\\/wp-content\\\/uploads\\\/2024\\\/12\\\/Design-sans-titre12.png\",\"width\":4419,\"height\":6250},{\"@type\":\"BreadcrumbList\",\"@id\":\"https:\\\/\\\/hachandball.fr\\\/index.php\\\/devenir-partenaire\\\/#breadcrumb\",\"itemListElement\":[{\"@type\":\"ListItem\",\"position\":1,\"name\":\"Accueil\",\"item\":\"https:\\\/\\\/hachandball.fr\\\/\"},{\"@type\":\"ListItem\",\"position\":2,\"name\":\"Devenir partenaire\"}]},{\"@type\":\"WebSite\",\"@id\":\"https:\\\/\\\/hachandball.fr\\\/#website\",\"url\":\"https:\\\/\\\/hachandball.fr\\\/\",\"name\":\"Hachandball\",\"description\":\"Bienvenu sur le site de Le Havre Athletic Club Handball, Club f\u00e9minin de handball.\",\"potentialAction\":[{\"@type\":\"SearchAction\",\"target\":{\"@type\":\"EntryPoint\",\"urlTemplate\":\"https:\\\/\\\/hachandball.fr\\\/?s={search_term_string}\"},\"query-input\":{\"@type\":\"PropertyValueSpecification\",\"valueRequired\":true,\"valueName\":\"search_term_string\"}}],\"inLanguage\":\"fr-FR\"}]}<\/script>\n<!-- \/ Yoast SEO plugin. -->","yoast_head_json":{"title":"Devenir partenaire du HAC Handball","description":"Rejoignez notre r\u00e9seau de partenaires ! D\u00e9couvrez-en plus sur ceux qui nous soutiennent et comment travailler ensemble pour plus de visibilit\u00e9","robots":{"index":"index","follow":"follow","max-snippet":"max-snippet:-1","max-image-preview":"max-image-preview:large","max-video-preview":"max-video-preview:-1"},"canonical":"https:\/\/hachandball.fr\/index.php\/devenir-partenaire\/","og_locale":"fr_FR","og_type":"article","og_title":"Devenir partenaire du HAC Handball","og_description":"Rejoignez notre r\u00e9seau de partenaires ! D\u00e9couvrez-en plus sur ceux qui nous soutiennent et comment travailler ensemble pour plus de visibilit\u00e9","og_url":"https:\/\/hachandball.fr\/index.php\/devenir-partenaire\/","og_site_name":"Hachandball","article_modified_time":"2024-12-27T08:39:40+00:00","og_image":[{"url":"https:\/\/hachandball.fr\/wp-content\/uploads\/2024\/12\/Design-sans-titre12.png","type":"","width":"","height":""}],"twitter_card":"summary_large_image","twitter_misc":{"Dur\u00e9e de lecture estim\u00e9e":"1 minute"},"schema":{"@context":"https:\/\/schema.org","@graph":[{"@type":"WebPage","@id":"https:\/\/hachandball.fr\/index.php\/devenir-partenaire\/","url":"https:\/\/hachandball.fr\/index.php\/devenir-partenaire\/","name":"Devenir partenaire du HAC Handball","isPartOf":{"@id":"https:\/\/hachandball.fr\/#website"},"primaryImageOfPage":{"@id":"https:\/\/hachandball.fr\/index.php\/devenir-partenaire\/#primaryimage"},"image":{"@id":"https:\/\/hachandball.fr\/index.php\/devenir-partenaire\/#primaryimage"},"thumbnailUrl":"https:\/\/hachandball.fr\/wp-content\/uploads\/2024\/12\/Design-sans-titre12.png","datePublished":"2024-12-09T10:06:57+00:00","dateModified":"2024-12-27T08:39:40+00:00","description":"Rejoignez notre r\u00e9seau de partenaires ! D\u00e9couvrez-en plus sur ceux qui nous soutiennent et comment travailler ensemble pour plus de visibilit\u00e9","breadcrumb":{"@id":"https:\/\/hachandball.fr\/index.php\/devenir-partenaire\/#breadcrumb"},"inLanguage":"fr-FR","potentialAction":[{"@type":"ReadAction","target":["https:\/\/hachandball.fr\/index.php\/devenir-partenaire\/"]}]},{"@type":"ImageObject","inLanguage":"fr-FR","@id":"https:\/\/hachandball.fr\/index.php\/devenir-partenaire\/#primaryimage","url":"https:\/\/hachandball.fr\/wp-content\/uploads\/2024\/12\/Design-sans-titre12.png","contentUrl":"https:\/\/hachandball.fr\/wp-content\/uploads\/2024\/12\/Design-sans-titre12.png","width":4419,"height":6250},{"@type":"BreadcrumbList","@id":"https:\/\/hachandball.fr\/index.php\/devenir-partenaire\/#breadcrumb","itemListElement":[{"@type":"ListItem","position":1,"name":"Accueil","item":"https:\/\/hachandball.fr\/"},{"@type":"ListItem","position":2,"name":"Devenir partenaire"}]},{"@type":"WebSite","@id":"https:\/\/hachandball.fr\/#website","url":"https:\/\/hachandball.fr\/","name":"Hachandball","description":"Bienvenu sur le site de Le Havre Athletic Club Handball, Club f\u00e9minin de handball.","potentialAction":[{"@type":"SearchAction","target":{"@type":"EntryPoint","urlTemplate":"https:\/\/hachandball.fr\/?s={search_term_string}"},"query-input":{"@type":"PropertyValueSpecification","valueRequired":true,"valueName":"search_term_string"}}],"inLanguage":"fr-FR"}]}},"builder_content":"<h1 style=\"text-align: center;\">Et si vous deveniez partenaire du HAC Handball ?<\/h1>\n<p>Plus de <strong>80<\/strong> partenaires nous font confiance !<\/p> <p>Pourquoi pas vous ?<\/p>\n<p><strong>Contactez-nous tr\u00e8s vite !<br>_____________<br><\/strong><\/p> <p>Sarah LAASRI | Directrice commerciale<br><br>NewrEvents<br><br><a href=\"tel:0612901242\">06 12 90 12 42<\/a><br><br><a href=\"mailto:sarahlaasri@newrevents.com\">sarahlaasri@newrevents.com<\/a><\/p>\n<a href=\"https:\/\/hachandball.fr\/wp-content\/uploads\/2024\/12\/Design-sans-titre12.png\" rel=\"noopener\" target=\"_blank\"> <img src=\"https:\/\/hachandball.fr\/wp-content\/uploads\/2024\/12\/Design-sans-titre12.png\" title=\"Devenez partenaire HAC\" alt=\"Devenez partenaire HAC\" srcset=\"https:\/\/hachandball.fr\/wp-content\/uploads\/2024\/12\/Design-sans-titre12.png 4419w, https:\/\/hachandball.fr\/wp-content\/uploads\/2024\/12\/Design-sans-titre12-212x300.png 212w, https:\/\/hachandball.fr\/wp-content\/uploads\/2024\/12\/Design-sans-titre12-724x1024.png 724w, https:\/\/hachandball.fr\/wp-content\/uploads\/2024\/12\/Design-sans-titre12-768x1086.png 768w, https:\/\/hachandball.fr\/wp-content\/uploads\/2024\/12\/Design-sans-titre12-1086x1536.png 1086w, https:\/\/hachandball.fr\/wp-content\/uploads\/2024\/12\/Design-sans-titre12-1448x2048.png 1448w, https:\/\/hachandball.fr\/wp-content\/uploads\/2024\/12\/Design-sans-titre12-1080x1527.png 1080w, https:\/\/hachandball.fr\/wp-content\/uploads\/2024\/12\/Design-sans-titre12-1280x1810.png 1280w, https:\/\/hachandball.fr\/wp-content\/uploads\/2024\/12\/Design-sans-titre12-980x1386.png 980w, https:\/\/hachandball.fr\/wp-content\/uploads\/2024\/12\/Design-sans-titre12-480x679.png 480w\" sizes=\"(max-width: 4419px) 100vw, 4419px\" \/> <\/a>","_links":{"self":[{"href":"https:\/\/hachandball.fr\/index.php\/wp-json\/wp\/v2\/pages\/4044","targetHints":{"allow":["GET"]}}],"collection":[{"href":"https:\/\/hachandball.fr\/index.php\/wp-json\/wp\/v2\/pages"}],"about":[{"href":"https:\/\/hachandball.fr\/index.php\/wp-json\/wp\/v2\/types\/page"}],"author":[{"embeddable":true,"href":"https:\/\/hachandball.fr\/index.php\/wp-json\/wp\/v2\/users\/2"}],"replies":[{"embeddable":true,"href":"https:\/\/hachandball.fr\/index.php\/wp-json\/wp\/v2\/comments?post=4044"}],"version-history":[{"count":17,"href":"https:\/\/hachandball.fr\/index.php\/wp-json\/wp\/v2\/pages\/4044\/revisions"}],"predecessor-version":[{"id":4448,"href":"https:\/\/hachandball.fr\/index.php\/wp-json\/wp\/v2\/pages\/4044\/revisions\/4448"}],"wp:attachment":[{"href":"https:\/\/hachandball.fr\/index.php\/wp-json\/wp\/v2\/media?parent=4044"}],"curies":[{"name":"wp","href":"https:\/\/api.w.org\/{rel}","templated":true}]}}