{"id":3861,"date":"2024-12-09T11:07:11","date_gmt":"2024-12-09T10:07:11","guid":{"rendered":"https:\/\/hachandball.fr\/?page_id=3861"},"modified":"2025-08-22T10:31:23","modified_gmt":"2025-08-22T08:31:23","slug":"venir-aux-matchs","status":"publish","type":"page","link":"https:\/\/hachandball.fr\/index.php\/venir-aux-matchs\/","title":{"rendered":"Venir aux matchs"},"content":{"rendered":"<!--themify_builder_content-->\n<div id=\"themify_builder_content-3861\" data-postid=\"3861\" class=\"themify_builder_content themify_builder_content-3861 themify_builder tf_clear\">\n                    <div  data-css_id=\"3p8m494\" data-lazy=\"1\" class=\"module_row themify_builder_row fullwidth tb_3p8m494 tb_first tf_w\">\n                        <div class=\"row_inner col_align_top tb_col_count_1 tf_box tf_rel\">\n                        <div  data-lazy=\"1\" class=\"module_column tb-column col-full tb_7iby494 first\">\n                            <div  data-lazy=\"1\" class=\"module_subrow themify_builder_sub_row tf_w col_align_middle tb_col_count_2 tb_tc1a254\">\n                <div  data-lazy=\"1\" class=\"module_column sub_column col4-2 tb_lu4m254 first\">\n                    <!-- module fancy heading -->\n<div  class=\"module module-fancy-heading tb_awcm260 \" data-lazy=\"1\">\n        <h1 class=\"fancy-heading\">\n    <span class=\"main-head tf_block\">\n                    Comment venir aux matchs ?            <\/span>\n\n    \n    <span class=\"sub-head tf_block tf_rel\">\n                    Retrouvez-nous facilement            <\/span>\n    <\/h1>\n<\/div>\n<!-- \/module fancy heading -->\n<!-- module text -->\n<div  class=\"module module-text tb_9vz6753   \" data-lazy=\"1\">\n        <div  class=\"tb_text_wrap\">\n        <p>L\u2019\u00e9quipe professionnelle du HAC Handball joue ses matchs dans la salle des Docks Oc\u00e9ane, au Havre. Cet \u00e9quipement de 1 800 m\u00b2 est le terrain id\u00e9al pour assister aux \u00e9v\u00e9nements sportifs : plus de 3 000 places, toutes assises, 1 salon VIP et un espace pour se restaurer, dot\u00e9 de la boutique des produits officiels du club.<\/p>    <\/div>\n<\/div>\n<!-- \/module text --><!-- module text -->\n<div  class=\"module module-text tb_3935147   \" data-lazy=\"1\">\n        <div  class=\"tb_text_wrap\">\n        <p><span style=\"color: #73adde;\"><strong>VENIR EN BUS \/ TRAM LiA<\/strong><\/span><\/p>\n<ul>\n<li>A 1 minute &#8211; Arr\u00eat \u00a0\u00bb Dock Vauban\u00a0\u00bb : Lignes C3, 9 et 19<\/li>\n<li>A 7 minutes &#8211; Arr\u00eat \u00ab\u00a0Gares\u00a0\u00bb : Lignes A, B, C3, C4, C5, 16 et 20<\/li>\n<\/ul>\n<p><span style=\"color: #e11f93;\"><strong>Pour plus d\u2019informations, visitez le site web LiA<\/strong><\/span><\/p>    <\/div>\n<\/div>\n<!-- \/module text --><!-- module buttons -->\n<div  class=\"module module-buttons tb_we0z973 buttons-horizontal solid   rounded\" data-lazy=\"1\">\n        <div class=\"module-buttons-item tf_in_flx\">\n                        <a href=\"https:\/\/www.transports-lia.fr\/\" class=\"ui builder_button tf_in_flx tb_default_color\" >\n                                    <em><svg  class=\"tf_fa tf-ti-angle-right\" xmlns:xlink=\"http:\/\/www.w3.org\/1999\/xlink\" aria-hidden=\"true\"><use href=\"#tf-ti-angle-right\" xlink:href=\"#tf-ti-angle-right\"><\/use><\/svg><\/em>                                        Aller sur le site de LiA                                        <\/a>\n                <\/div>\n            <\/div>\n<!-- \/module buttons -->\n        <\/div>\n                    <div  data-lazy=\"1\" class=\"module_column sub_column col4-2 tb_th51254 last\">\n                    <!-- module image -->\n<div  class=\"module module-image tb_zk1v439 image-top rounded drop-shadow  tf_mw\" data-lazy=\"1\">\n        <div class=\"image-wrap tf_rel tf_mw\">\n            <img loading=\"lazy\" decoding=\"async\" width=\"963\" height=\"706\" src=\"https:\/\/hachandball.fr\/wp-content\/uploads\/2019\/12\/Photo_dock_oceane_lh.jpg\" class=\"wp-post-image wp-image-499\" title=\"Photo_dock_oceane_lh\" alt=\"Photo_dock_oceane_lh\" srcset=\"https:\/\/hachandball.fr\/wp-content\/uploads\/2019\/12\/Photo_dock_oceane_lh.jpg 963w, https:\/\/hachandball.fr\/wp-content\/uploads\/2019\/12\/Photo_dock_oceane_lh-300x220.jpg 300w, https:\/\/hachandball.fr\/wp-content\/uploads\/2019\/12\/Photo_dock_oceane_lh-768x563.jpg 768w, https:\/\/hachandball.fr\/wp-content\/uploads\/2019\/12\/Photo_dock_oceane_lh-480x352.jpg 480w\" sizes=\"auto, (max-width: 963px) 100vw, 963px\" \/>    \n        <\/div>\n    <!-- \/image-wrap -->\n    \n        <\/div>\n<!-- \/module image -->        <\/div>\n                    <\/div>\n                <\/div>\n                        <\/div>\n        <\/div>\n                        <div  data-css_id=\"5ufl483\" data-lazy=\"1\" class=\"module_row themify_builder_row fullwidth tb_5ufl483 tf_w\">\n                        <div class=\"row_inner col_align_top tb_col_count_1 tf_box tf_rel\">\n                        <div  data-lazy=\"1\" class=\"module_column tb-column col-full tb_6txs483 first\">\n                            <div  data-lazy=\"1\" class=\"module_subrow themify_builder_sub_row tf_w col_align_middle tb_col_count_2 tb_g0d0483\">\n                <div  data-lazy=\"1\" class=\"module_column sub_column col4-2 tb_3lyw483 first\">\n                    <!-- module plain text -->\n<div  class=\"module module-plain-text tb_yeze856 \" data-lazy=\"1\">\n        <div class=\"tb_text_wrap\">\n    <iframe src=\"https:\/\/www.google.com\/maps\/embed?pb=!1m18!1m12!1m3!1d4139.617644772719!2d0.12987900662061796!3d49.49107103831857!2m3!1f0!2f0!3f0!3m2!1i1024!2i768!4f13.1!3m3!1m2!1s0x47e02f0170df64ad%3A0xa906878d9a281911!2sDocks%20Oc%C3%A9ane!5e1!3m2!1sfr!2sfr!4v1733158121774!5m2!1sfr!2sfr\" width=\"600\" height=\"450\" style=\"border:0;\" allowfullscreen=\"\" loading=\"lazy\" referrerpolicy=\"no-referrer-when-downgrade\"><\/iframe>    <\/div>\n<\/div>\n<!-- \/module plain text -->        <\/div>\n                    <div  data-lazy=\"1\" class=\"module_column sub_column col4-2 tb_755b483 last\">\n                    <!-- module fancy heading -->\n<div  class=\"module module-fancy-heading tb_zkn2483 \" data-lazy=\"1\">\n        <h1 class=\"fancy-heading\">\n    <span class=\"main-head tf_block\">\n                    Vous venez en voiture ?            <\/span>\n\n    \n    <span class=\"sub-head tf_block tf_rel\">\n                    Pas de probl\u00e8me !            <\/span>\n    <\/h1>\n<\/div>\n<!-- \/module fancy heading -->\n<!-- module text -->\n<div  class=\"module module-text tb_gqtm483   \" data-lazy=\"1\">\n        <div  class=\"tb_text_wrap\">\n        <p>La salle des Docks Oc\u00e9ane est tr\u00e8s rapide d\u2019acc\u00e8s en voiture, gr\u00e2ce \u00e0 sa situation centrale dans la ville du Havre. Profitez des nombreux parkings situ\u00e9s pr\u00e8s de la salle de sport pour vous garer, \u00e0 moins de 5 minutes \u00e0 pied. Nous conseillons aux supporters du HAC Handball de se d\u00e9placer plus de 30 minutes avant le d\u00e9but du match pour s\u2019assurer d\u2019une place de parking au plus pr\u00e8s de la salle.<\/p>    <\/div>\n<\/div>\n<!-- \/module text -->        <\/div>\n                    <\/div>\n                <\/div>\n                        <\/div>\n        <\/div>\n        <\/div>\n<!--\/themify_builder_content-->","protected":false},"excerpt":{"rendered":"<p>L\u2019\u00e9quipe professionnelle du HAC Handball joue ses matchs dans la salle des Docks Oc\u00e9ane, au Havre. Cet \u00e9quipement de 1 800 m\u00b2 est le terrain id\u00e9al pour assister aux \u00e9v\u00e9nements sportifs : plus de 3 000 places, toutes assises, 1 salon VIP et un espace pour se restaurer, dot\u00e9 de la boutique des produits officiels [&hellip;]<\/p>\n","protected":false},"author":2,"featured_media":0,"parent":0,"menu_order":0,"comment_status":"closed","ping_status":"closed","template":"","meta":{"iawp_total_views":1469,"footnotes":""},"class_list":["post-3861","page","type-page","status-publish","hentry","has-post-title","has-post-date","has-post-category","has-post-tag","has-post-comment","has-post-author",""],"yoast_head":"<!-- This site is optimized with the Yoast SEO plugin v27.6 - https:\/\/yoast.com\/product\/yoast-seo-wordpress\/ -->\n<title>Venir aux matchs - Hachandball<\/title>\n<meta name=\"description\" content=\"Infos utiles &amp; pratique : d\u00e9couvrez comment acc\u00e9der facilement aux matchs afin de soutenir nos #conqu\u00e9rantes pendant leurs rencontres.\" \/>\n<meta name=\"robots\" content=\"index, follow, max-snippet:-1, max-image-preview:large, max-video-preview:-1\" \/>\n<link rel=\"canonical\" href=\"https:\/\/hachandball.fr\/index.php\/venir-aux-matchs\/\" \/>\n<meta property=\"og:locale\" content=\"fr_FR\" \/>\n<meta property=\"og:type\" content=\"article\" \/>\n<meta property=\"og:title\" content=\"Venir aux matchs - Hachandball\" \/>\n<meta property=\"og:description\" content=\"Infos utiles &amp; pratique : d\u00e9couvrez comment acc\u00e9der facilement aux matchs afin de soutenir nos #conqu\u00e9rantes pendant leurs rencontres.\" \/>\n<meta property=\"og:url\" content=\"https:\/\/hachandball.fr\/index.php\/venir-aux-matchs\/\" \/>\n<meta property=\"og:site_name\" content=\"Hachandball\" \/>\n<meta property=\"article:modified_time\" content=\"2025-08-22T08:31:23+00:00\" \/>\n<meta property=\"og:image\" content=\"https:\/\/hachandball.fr\/wp-content\/uploads\/2019\/12\/Photo_dock_oceane_lh.jpg\" \/>\n\t<meta property=\"og:image:width\" content=\"963\" \/>\n\t<meta property=\"og:image:height\" content=\"706\" \/>\n\t<meta property=\"og:image:type\" content=\"image\/jpeg\" \/>\n<meta name=\"twitter:card\" content=\"summary_large_image\" \/>\n<meta name=\"twitter:label1\" content=\"Dur\u00e9e de lecture estim\u00e9e\" \/>\n\t<meta name=\"twitter:data1\" content=\"2 minutes\" \/>\n<script type=\"application\/ld+json\" class=\"yoast-schema-graph\">{\"@context\":\"https:\\\/\\\/schema.org\",\"@graph\":[{\"@type\":\"WebPage\",\"@id\":\"https:\\\/\\\/hachandball.fr\\\/index.php\\\/venir-aux-matchs\\\/\",\"url\":\"https:\\\/\\\/hachandball.fr\\\/index.php\\\/venir-aux-matchs\\\/\",\"name\":\"Venir aux matchs - Hachandball\",\"isPartOf\":{\"@id\":\"https:\\\/\\\/hachandball.fr\\\/#website\"},\"primaryImageOfPage\":{\"@id\":\"https:\\\/\\\/hachandball.fr\\\/index.php\\\/venir-aux-matchs\\\/#primaryimage\"},\"image\":{\"@id\":\"https:\\\/\\\/hachandball.fr\\\/index.php\\\/venir-aux-matchs\\\/#primaryimage\"},\"thumbnailUrl\":\"https:\\\/\\\/hachandball.fr\\\/wp-content\\\/uploads\\\/2019\\\/12\\\/Photo_dock_oceane_lh.jpg\",\"datePublished\":\"2024-12-09T10:07:11+00:00\",\"dateModified\":\"2025-08-22T08:31:23+00:00\",\"description\":\"Infos utiles & pratique : d\u00e9couvrez comment acc\u00e9der facilement aux matchs afin de soutenir nos #conqu\u00e9rantes pendant leurs rencontres.\",\"breadcrumb\":{\"@id\":\"https:\\\/\\\/hachandball.fr\\\/index.php\\\/venir-aux-matchs\\\/#breadcrumb\"},\"inLanguage\":\"fr-FR\",\"potentialAction\":[{\"@type\":\"ReadAction\",\"target\":[\"https:\\\/\\\/hachandball.fr\\\/index.php\\\/venir-aux-matchs\\\/\"]}]},{\"@type\":\"ImageObject\",\"inLanguage\":\"fr-FR\",\"@id\":\"https:\\\/\\\/hachandball.fr\\\/index.php\\\/venir-aux-matchs\\\/#primaryimage\",\"url\":\"https:\\\/\\\/hachandball.fr\\\/wp-content\\\/uploads\\\/2019\\\/12\\\/Photo_dock_oceane_lh.jpg\",\"contentUrl\":\"https:\\\/\\\/hachandball.fr\\\/wp-content\\\/uploads\\\/2019\\\/12\\\/Photo_dock_oceane_lh.jpg\",\"width\":963,\"height\":706},{\"@type\":\"BreadcrumbList\",\"@id\":\"https:\\\/\\\/hachandball.fr\\\/index.php\\\/venir-aux-matchs\\\/#breadcrumb\",\"itemListElement\":[{\"@type\":\"ListItem\",\"position\":1,\"name\":\"Accueil\",\"item\":\"https:\\\/\\\/hachandball.fr\\\/\"},{\"@type\":\"ListItem\",\"position\":2,\"name\":\"Venir aux matchs\"}]},{\"@type\":\"WebSite\",\"@id\":\"https:\\\/\\\/hachandball.fr\\\/#website\",\"url\":\"https:\\\/\\\/hachandball.fr\\\/\",\"name\":\"Hachandball\",\"description\":\"Bienvenu sur le site de Le Havre Athletic Club Handball, Club f\u00e9minin de handball.\",\"potentialAction\":[{\"@type\":\"SearchAction\",\"target\":{\"@type\":\"EntryPoint\",\"urlTemplate\":\"https:\\\/\\\/hachandball.fr\\\/?s={search_term_string}\"},\"query-input\":{\"@type\":\"PropertyValueSpecification\",\"valueRequired\":true,\"valueName\":\"search_term_string\"}}],\"inLanguage\":\"fr-FR\"}]}<\/script>\n<!-- \/ Yoast SEO plugin. -->","yoast_head_json":{"title":"Venir aux matchs - Hachandball","description":"Infos utiles & pratique : d\u00e9couvrez comment acc\u00e9der facilement aux matchs afin de soutenir nos #conqu\u00e9rantes pendant leurs rencontres.","robots":{"index":"index","follow":"follow","max-snippet":"max-snippet:-1","max-image-preview":"max-image-preview:large","max-video-preview":"max-video-preview:-1"},"canonical":"https:\/\/hachandball.fr\/index.php\/venir-aux-matchs\/","og_locale":"fr_FR","og_type":"article","og_title":"Venir aux matchs - Hachandball","og_description":"Infos utiles & pratique : d\u00e9couvrez comment acc\u00e9der facilement aux matchs afin de soutenir nos #conqu\u00e9rantes pendant leurs rencontres.","og_url":"https:\/\/hachandball.fr\/index.php\/venir-aux-matchs\/","og_site_name":"Hachandball","article_modified_time":"2025-08-22T08:31:23+00:00","og_image":[{"width":963,"height":706,"url":"https:\/\/hachandball.fr\/wp-content\/uploads\/2019\/12\/Photo_dock_oceane_lh.jpg","type":"image\/jpeg"}],"twitter_card":"summary_large_image","twitter_misc":{"Dur\u00e9e de lecture estim\u00e9e":"2 minutes"},"schema":{"@context":"https:\/\/schema.org","@graph":[{"@type":"WebPage","@id":"https:\/\/hachandball.fr\/index.php\/venir-aux-matchs\/","url":"https:\/\/hachandball.fr\/index.php\/venir-aux-matchs\/","name":"Venir aux matchs - Hachandball","isPartOf":{"@id":"https:\/\/hachandball.fr\/#website"},"primaryImageOfPage":{"@id":"https:\/\/hachandball.fr\/index.php\/venir-aux-matchs\/#primaryimage"},"image":{"@id":"https:\/\/hachandball.fr\/index.php\/venir-aux-matchs\/#primaryimage"},"thumbnailUrl":"https:\/\/hachandball.fr\/wp-content\/uploads\/2019\/12\/Photo_dock_oceane_lh.jpg","datePublished":"2024-12-09T10:07:11+00:00","dateModified":"2025-08-22T08:31:23+00:00","description":"Infos utiles & pratique : d\u00e9couvrez comment acc\u00e9der facilement aux matchs afin de soutenir nos #conqu\u00e9rantes pendant leurs rencontres.","breadcrumb":{"@id":"https:\/\/hachandball.fr\/index.php\/venir-aux-matchs\/#breadcrumb"},"inLanguage":"fr-FR","potentialAction":[{"@type":"ReadAction","target":["https:\/\/hachandball.fr\/index.php\/venir-aux-matchs\/"]}]},{"@type":"ImageObject","inLanguage":"fr-FR","@id":"https:\/\/hachandball.fr\/index.php\/venir-aux-matchs\/#primaryimage","url":"https:\/\/hachandball.fr\/wp-content\/uploads\/2019\/12\/Photo_dock_oceane_lh.jpg","contentUrl":"https:\/\/hachandball.fr\/wp-content\/uploads\/2019\/12\/Photo_dock_oceane_lh.jpg","width":963,"height":706},{"@type":"BreadcrumbList","@id":"https:\/\/hachandball.fr\/index.php\/venir-aux-matchs\/#breadcrumb","itemListElement":[{"@type":"ListItem","position":1,"name":"Accueil","item":"https:\/\/hachandball.fr\/"},{"@type":"ListItem","position":2,"name":"Venir aux matchs"}]},{"@type":"WebSite","@id":"https:\/\/hachandball.fr\/#website","url":"https:\/\/hachandball.fr\/","name":"Hachandball","description":"Bienvenu sur le site de Le Havre Athletic Club Handball, Club f\u00e9minin de handball.","potentialAction":[{"@type":"SearchAction","target":{"@type":"EntryPoint","urlTemplate":"https:\/\/hachandball.fr\/?s={search_term_string}"},"query-input":{"@type":"PropertyValueSpecification","valueRequired":true,"valueName":"search_term_string"}}],"inLanguage":"fr-FR"}]}},"builder_content":"<h1>Comment venir aux matchs ?<br\/>Retrouvez-nous facilement<\/h1>\n<p>L\u2019\u00e9quipe professionnelle du HAC Handball joue ses matchs dans la salle des Docks Oc\u00e9ane, au Havre. Cet \u00e9quipement de 1 800 m\u00b2 est le terrain id\u00e9al pour assister aux \u00e9v\u00e9nements sportifs : plus de 3 000 places, toutes assises, 1 salon VIP et un espace pour se restaurer, dot\u00e9 de la boutique des produits officiels du club.<\/p>\n<p><strong>VENIR EN BUS \/ TRAM LiA<\/strong><\/p> <ul> <li>A 1 minute - Arr\u00eat \" Dock Vauban\" : Lignes C3, 9 et 19<\/li> <li>A 7 minutes - Arr\u00eat \"Gares\" : Lignes A, B, C3, C4, C5, 16 et 20<\/li> <\/ul> <p><strong>Pour plus d\u2019informations, visitez le site web LiA<\/strong><\/p>\n<a href=\"https:\/\/www.transports-lia.fr\/\" > <em><svg xmlns:xlink=\"http:\/\/www.w3.org\/1999\/xlink\" aria-hidden=\"true\"><use href=\"#tf-ti-angle-right\" xlink:href=\"#tf-ti-angle-right\"><\/use><\/svg><\/em> Aller sur le site de LiA <\/a>\n<img src=\"https:\/\/hachandball.fr\/wp-content\/uploads\/2019\/12\/Photo_dock_oceane_lh.jpg\" title=\"Photo_dock_oceane_lh\" alt=\"Photo_dock_oceane_lh\" srcset=\"https:\/\/hachandball.fr\/wp-content\/uploads\/2019\/12\/Photo_dock_oceane_lh.jpg 963w, https:\/\/hachandball.fr\/wp-content\/uploads\/2019\/12\/Photo_dock_oceane_lh-300x220.jpg 300w, https:\/\/hachandball.fr\/wp-content\/uploads\/2019\/12\/Photo_dock_oceane_lh-768x563.jpg 768w, https:\/\/hachandball.fr\/wp-content\/uploads\/2019\/12\/Photo_dock_oceane_lh-480x352.jpg 480w\" sizes=\"(max-width: 963px) 100vw, 963px\" \/>\n<iframe src=\"https:\/\/www.google.com\/maps\/embed?pb=!1m18!1m12!1m3!1d4139.617644772719!2d0.12987900662061796!3d49.49107103831857!2m3!1f0!2f0!3f0!3m2!1i1024!2i768!4f13.1!3m3!1m2!1s0x47e02f0170df64ad%3A0xa906878d9a281911!2sDocks%20Oc%C3%A9ane!5e1!3m2!1sfr!2sfr!4v1733158121774!5m2!1sfr!2sfr\" width=\"600\" height=\"450\" style=\"border:0;\" allowfullscreen=\"\" loading=\"lazy\" referrerpolicy=\"no-referrer-when-downgrade\"><\/iframe>\n<h1>Vous venez en voiture ?<br\/>Pas de probl\u00e8me !<\/h1>\n<p>La salle des Docks Oc\u00e9ane est tr\u00e8s rapide d\u2019acc\u00e8s en voiture, gr\u00e2ce \u00e0 sa situation centrale dans la ville du Havre. Profitez des nombreux parkings situ\u00e9s pr\u00e8s de la salle de sport pour vous garer, \u00e0 moins de 5 minutes \u00e0 pied. Nous conseillons aux supporters du HAC Handball de se d\u00e9placer plus de 30 minutes avant le d\u00e9but du match pour s\u2019assurer d\u2019une place de parking au plus pr\u00e8s de la salle.<\/p>","_links":{"self":[{"href":"https:\/\/hachandball.fr\/index.php\/wp-json\/wp\/v2\/pages\/3861","targetHints":{"allow":["GET"]}}],"collection":[{"href":"https:\/\/hachandball.fr\/index.php\/wp-json\/wp\/v2\/pages"}],"about":[{"href":"https:\/\/hachandball.fr\/index.php\/wp-json\/wp\/v2\/types\/page"}],"author":[{"embeddable":true,"href":"https:\/\/hachandball.fr\/index.php\/wp-json\/wp\/v2\/users\/2"}],"replies":[{"embeddable":true,"href":"https:\/\/hachandball.fr\/index.php\/wp-json\/wp\/v2\/comments?post=3861"}],"version-history":[{"count":28,"href":"https:\/\/hachandball.fr\/index.php\/wp-json\/wp\/v2\/pages\/3861\/revisions"}],"predecessor-version":[{"id":5004,"href":"https:\/\/hachandball.fr\/index.php\/wp-json\/wp\/v2\/pages\/3861\/revisions\/5004"}],"wp:attachment":[{"href":"https:\/\/hachandball.fr\/index.php\/wp-json\/wp\/v2\/media?parent=3861"}],"curies":[{"name":"wp","href":"https:\/\/api.w.org\/{rel}","templated":true}]}}